{"id":949,"date":"2024-11-25T23:30:55","date_gmt":"2024-11-25T23:30:55","guid":{"rendered":"https:\/\/new.totalextensions.ca\/cart\/"},"modified":"2025-02-19T00:48:57","modified_gmt":"2025-02-19T00:48:57","slug":"cart","status":"publish","type":"page","link":"https:\/\/new.totalextensions.ca\/en\/cart\/","title":{"rendered":"Cart"},"content":{"rendered":"\t\t<div data-elementor-type=\"wp-page\" data-elementor-id=\"949\" class=\"elementor elementor-949 elementor-11\" data-elementor-post-type=\"page\">\n\t\t\t\t<div data-gradient=\"{&quot;angle&quot;:45,&quot;colors&quot;:[{&quot;_id&quot;:&quot;6deb45e&quot;,&quot;__globals__&quot;:{&quot;premium_gradient_colors&quot;:&quot;&quot;},&quot;premium_gradient_colors&quot;:&quot;#23474A&quot;},{&quot;_id&quot;:&quot;4f7d872&quot;,&quot;__globals__&quot;:{&quot;premium_gradient_colors&quot;:&quot;&quot;},&quot;premium_gradient_colors&quot;:&quot;#132B2D&quot;},{&quot;_id&quot;:&quot;85fdd63&quot;,&quot;__globals__&quot;:{&quot;premium_gradient_colors&quot;:&quot;&quot;},&quot;premium_gradient_colors&quot;:&quot;#467C82&quot;}]}\" class=\"elementor-element elementor-element-ac64dde premium-gradient-yes e-flex e-con-boxed e-con e-parent\" data-id=\"ac64dde\" data-element_type=\"container\" data-settings=\"{&quot;shape_divider_bottom&quot;:&quot;waves&quot;}\">\n\t\t\t\t\t<div class=\"e-con-inner\">\n\t\t\t\t<div class=\"elementor-shape elementor-shape-bottom\" aria-hidden=\"true\" data-negative=\"false\">\n\t\t\t<svg xmlns=\"http:\/\/www.w3.org\/2000\/svg\" viewBox=\"0 0 1000 100\" preserveAspectRatio=\"none\">\n\t<path class=\"elementor-shape-fill\" d=\"M421.9,6.5c22.6-2.5,51.5,0.4,75.5,5.3c23.6,4.9,70.9,23.5,100.5,35.7c75.8,32.2,133.7,44.5,192.6,49.7\n\tc23.6,2.1,48.7,3.5,103.4-2.5c54.7-6,106.2-25.6,106.2-25.6V0H0v30.3c0,0,72,32.6,158.4,30.5c39.2-0.7,92.8-6.7,134-22.4\n\tc21.2-8.1,52.2-18.2,79.7-24.2C399.3,7.9,411.6,7.5,421.9,6.5z\"\/>\n<\/svg>\t\t<\/div>\n\t\t<div class=\"elementor-element elementor-element-7de62275 e-con-full e-flex e-con e-child\" data-id=\"7de62275\" data-element_type=\"container\">\n\t\t\t\t<div class=\"elementor-element elementor-element-5186fd16 elementor-widget elementor-widget-heading\" data-id=\"5186fd16\" data-element_type=\"widget\" data-widget_type=\"heading.default\">\n\t\t\t\t<div class=\"elementor-widget-container\">\n\t\t\t\t\t<h2 class=\"elementor-heading-title elementor-size-default\">Votre Panier<\/h2>\t\t\t\t<\/div>\n\t\t\t\t<\/div>\n\t\t\t\t<\/div>\n\t\t\t\t\t<\/div>\n\t\t\t\t<\/div>\n\t\t<div class=\"elementor-element elementor-element-35ce99d0 e-flex e-con-boxed e-con e-parent\" data-id=\"35ce99d0\" data-element_type=\"container\">\n\t\t\t\t\t<div class=\"e-con-inner\">\n\t\t\t\t\t<\/div>\n\t\t\t\t<\/div>\n\t\t<div class=\"elementor-element elementor-element-6a9fb218 e-flex e-con-boxed e-con e-parent\" data-id=\"6a9fb218\" data-element_type=\"container\">\n\t\t\t\t\t<div class=\"e-con-inner\">\n\t\t<div class=\"elementor-element elementor-element-71fa1636 e-con-full e-flex e-con e-child\" data-id=\"71fa1636\" data-element_type=\"container\">\n\t\t\t\t<div class=\"elementor-element elementor-element-7c0618af premium-title-color elementor-widget elementor-widget-premium-addon-title\" data-id=\"7c0618af\" data-element_type=\"widget\" data-widget_type=\"premium-addon-title.default\">\n\t\t\t\t<div class=\"elementor-widget-container\">\n\t\t\t\t\t\n\t\t<div class=\"premium-title-container style1\">\n\t\t\t<h2 class=\"premium-title-header premium-title-style1\">\n\t\t\t\t\n\t\t\t\t\n\t\t\t\t\t\t\t\t\t\t\t\t<span class=\"premium-title-text\" >\n\t\t\t\t\tCat\u00e9gories de produits\t\t\t\t<\/span>\n\t\t\t\t\t\n\t\t\t\t\t\t\t\t\t\t\t<\/h2>\n\t\t<\/div>\n\n\t\t\t\t\t\t<\/div>\n\t\t\t\t<\/div>\n\t\t\t\t<\/div>\n\t\t<div class=\"elementor-element elementor-element-337b919c e-con-full e-flex e-con e-child\" data-id=\"337b919c\" data-element_type=\"container\">\n\t\t\t\t<div class=\"elementor-element elementor-element-1e64cf23 premium-atext__switch elementor-widget elementor-widget-premium-addon-fancy-text\" data-id=\"1e64cf23\" data-element_type=\"widget\" data-widget_type=\"premium-addon-fancy-text.default\">\n\t\t\t\t<div class=\"elementor-widget-container\">\n\t\t\t\t\t\t\t<div class=\"premium-atext__wrapper premium-atext__clip \" data-start-effect=\"page_load\" data-settings=\"{&quot;effect&quot;:&quot;clip&quot;,&quot;delay&quot;:&quot;&quot;,&quot;count&quot;:&quot;&quot;,&quot;speed&quot;:&quot;&quot;,&quot;loading&quot;:false,&quot;style&quot;:&quot;switch&quot;}\">\n\n\t\t\t<h3 class=\"premium-atext__headline\">\n\t\t\t\t\t\t\t<span class=\"premium-prefix-text\">\n\t\t\t\t\t<span >Accomplissez plus avec nos<\/span>\n\t\t\t\t<\/span>\n\t\t\t\n\t\t\t\t\t\t<div class=\"premium-atext__text\" style='display: inline-block; text-align: center'>\n\t\t\t\t<ul class=\"premium-atext__items-wrapper\">\n\t\t\t\t\t\t\t\t\t<li class=\"premium-fancy-list-items premium-fancy-item-visible\">\n\t\t\t\t\t\t\tCils\t\t\t\t\t\t<\/li>\n\t\t\t\t\t\t\t\t\t\t\t<li class=\"premium-fancy-list-items premium-fancy-item-hidden\">\n\t\t\t\t\t\t\tUstenCils\t\t\t\t\t\t<\/li>\n\t\t\t\t\t\t\t\t\t\t\t<li class=\"premium-fancy-list-items premium-fancy-item-hidden\">\n\t\t\t\t\t\t\tColles\t\t\t\t\t\t<\/li>\n\t\t\t\t\t\t\t\t\t\t\t<li class=\"premium-fancy-list-items premium-fancy-item-hidden\">\n\t\t\t\t\t\t\tPr\u00e9parateur\t\t\t\t\t\t<\/li>\n\t\t\t\t\t\t\t\t\t<\/ul>\n\t\t\t<\/div>\n\t\t\t\n\t\t\t\t\t\t\t<span class=\"premium-suffix-text\">\n\t\t\t\t\t<span >...<\/span>\n\t\t\t\t<\/span>\n\t\t\t\n\t\t\t\n\t\t\t<\/h3>\n\t\t<\/div>\n\t\t\t\t\t\t<\/div>\n\t\t\t\t<\/div>\n\t\t\t\t<div class=\"elementor-element elementor-element-190fe9b2 elementor-widget__width-initial elementor-widget elementor-widget-text-editor\" data-id=\"190fe9b2\" data-element_type=\"widget\" data-widget_type=\"text-editor.default\">\n\t\t\t\t<div class=\"elementor-widget-container\">\n\t\t\t\t\t\t\t\t\t<p>Pour simplifier votre exp\u00e9rience, nous avons organis\u00e9 nos produits en cat\u00e9gories claires et pr\u00e9cises. Besoin d\u2019une colle adapt\u00e9e aux conditions humides? Ou peut-\u00eatre cherchez-vous des cils effet volume? Parcourez nos sections pour trouver facilement ce dont vous avez besoin. Chaque produit est accompagn\u00e9 de descriptions d\u00e9taill\u00e9es et de conseils d\u2019utilisation pour vous guider \u00e0 chaque \u00e9tape.<\/p>\t\t\t\t\t\t\t\t<\/div>\n\t\t\t\t<\/div>\n\t\t\t\t<\/div>\n\t\t\t\t\t<\/div>\n\t\t\t\t<\/div>\n\t\t<div class=\"elementor-element elementor-element-2cffef24 e-con-full e-flex e-con e-parent\" data-id=\"2cffef24\" data-element_type=\"container\">\n\t\t\t\t<div class=\"elementor-element elementor-element-2fde2dac premium-woo-cats__carousel premium-woo-cats__content-below elementor-widget elementor-widget-premium-woo-categories\" data-id=\"2fde2dac\" data-element_type=\"widget\" data-settings=\"{&quot;layout&quot;:&quot;carousel&quot;,&quot;products_to_scroll&quot;:2,&quot;autoplay_slides&quot;:&quot;yes&quot;,&quot;columns&quot;:&quot;20%&quot;,&quot;speed&quot;:1500,&quot;columns_tablet&quot;:&quot;25%&quot;,&quot;columns_mobile&quot;:&quot;50%&quot;,&quot;dots&quot;:&quot;yes&quot;,&quot;autoplay_speed&quot;:3000}\" data-widget_type=\"premium-woo-categories.default\">\n\t\t\t\t<div class=\"elementor-widget-container\">\n\t\t\t\t\t\r\n\t\t<div class=\"premium-woo-cats__container premium-addons__v-hidden\">\r\n\r\n\t\t\t<div class=\"premium-woo-cats__list-wrap\">\r\n\r\n\t\t\t\t<ul class=\"products columns-\">\n<li class=\"product-category product first\">\r\n\t<a href=\"https:\/\/new.totalextensions.ca\/en\/categorie-produit\/outils-pinces-et-accessoires-dextensions-de-cils-en\/\" target=\"_blank\"><div class=\"premium-woo-cats__category\"><div class=\"premium-woo-cats__img-wrap\"><div class=\"premium-woo-cats__img-overlay\"><\/div><\/div>\t\t\t<div class=\"premium-woo-cats__content-wrap elementor-repeater-item-79ce8ce\">\r\n\t\t\t\t<h3 class=\"woocommerce-loop-category__title\">\r\n\t\t\t\t\t<span>Outils, pinces et accessoires d&#8217;extensions de cils<\/span>\r\n\t\t\t\t\t\t\t\t\t<\/h3>\r\n\r\n\t\t\t\t\r\n\t\t\t\t\r\n\t\t\t<\/div>\r\n\t\t<\/div><\/a><\/li>\r\n<li class=\"product-category product first\">\r\n\t<a href=\"https:\/\/new.totalextensions.ca\/en\/categorie-produit\/maquillage-et-soins-en\/\" target=\"_blank\"><div class=\"premium-woo-cats__category\"><div class=\"premium-woo-cats__img-wrap\"><div class=\"premium-woo-cats__img-overlay\"><\/div><\/div>\t\t\t<div class=\"premium-woo-cats__content-wrap elementor-repeater-item-38dc033\">\r\n\t\t\t\t<h3 class=\"woocommerce-loop-category__title\">\r\n\t\t\t\t\t<span>Maquillage et Soins<\/span>\r\n\t\t\t\t\t\t\t\t\t<\/h3>\r\n\r\n\t\t\t\t\r\n\t\t\t\t\r\n\t\t\t<\/div>\r\n\t\t<\/div><\/a><\/li>\r\n<li class=\"product-category product first\">\r\n\t<a href=\"https:\/\/new.totalextensions.ca\/en\/categorie-produit\/extensions-de-cils-en\/\" target=\"_blank\"><div class=\"premium-woo-cats__category\"><div class=\"premium-woo-cats__img-wrap\"><div class=\"premium-woo-cats__img-overlay\"><\/div><\/div>\t\t\t<div class=\"premium-woo-cats__content-wrap elementor-repeater-item-a983319\">\r\n\t\t\t\t<h3 class=\"woocommerce-loop-category__title\">\r\n\t\t\t\t\t<span>Extensions de cils<\/span>\r\n\t\t\t\t\t\t\t\t\t<\/h3>\r\n\r\n\t\t\t\t\r\n\t\t\t\t\r\n\t\t\t<\/div>\r\n\t\t<\/div><\/a><\/li>\r\n<li class=\"product-category product first\">\r\n\t<a href=\"https:\/\/new.totalextensions.ca\/en\/categorie-produit\/entretien-des-cils-en\/\" target=\"_blank\"><div class=\"premium-woo-cats__category\"><div class=\"premium-woo-cats__img-wrap\"><div class=\"premium-woo-cats__img-overlay\"><\/div><\/div>\t\t\t<div class=\"premium-woo-cats__content-wrap elementor-repeater-item-aa978c7\">\r\n\t\t\t\t<h3 class=\"woocommerce-loop-category__title\">\r\n\t\t\t\t\t<span>Entretien des Cils<\/span>\r\n\t\t\t\t\t\t\t\t\t<\/h3>\r\n\r\n\t\t\t\t\r\n\t\t\t\t\r\n\t\t\t<\/div>\r\n\t\t<\/div><\/a><\/li>\r\n<li class=\"product-category product first\">\r\n\t<a href=\"https:\/\/new.totalextensions.ca\/en\/categorie-produit\/colles-preparateurs-et-dissolvants-en\/\" target=\"_blank\"><div class=\"premium-woo-cats__category\"><div class=\"premium-woo-cats__img-wrap\"><div class=\"premium-woo-cats__img-overlay\"><\/div><\/div>\t\t\t<div class=\"premium-woo-cats__content-wrap elementor-repeater-item-f62339e\">\r\n\t\t\t\t<h3 class=\"woocommerce-loop-category__title\">\r\n\t\t\t\t\t<span>Colles Pr\u00e9parateurs et Dissolvants<\/span>\r\n\t\t\t\t\t\t\t\t\t<\/h3>\r\n\r\n\t\t\t\t\r\n\t\t\t\t\r\n\t\t\t<\/div>\r\n\t\t<\/div><\/a><\/li>\r\n<\/ul>\n\r\n\t\t\t<\/div>\r\n\r\n\t\t<\/div>\r\n\r\n\t\t\t\t\t\t<\/div>\n\t\t\t\t<\/div>\n\t\t\t\t<\/div>\n\t\t<div data-particles-style=\"{\n  &quot;background&quot;: {\n    &quot;color&quot;: &quot;#ffffff&quot;\n  },\n  &quot;particles&quot;: {\n    &quot;opacity&quot;: {\n      &quot;value&quot;: 0.5\n    },\n    &quot;color&quot;: {\n      &quot;value&quot;: [\n        &quot;#66C9D2&quot;\n      ]\n    },\n    &quot;number&quot;: {\n      &quot;value&quot;: 50\n    },\n    &quot;links&quot;: {\n      &quot;color&quot;: {\n        &quot;value&quot;: &quot;#66C9D2&quot;\n      },\n      &quot;distance&quot;: 125,\n      &quot;enable&quot;: false,\n      &quot;triangles&quot;: {\n        &quot;enable&quot;: false,\n        &quot;opacity&quot;: 0.01\n      }\n    },\n    &quot;move&quot;: {\n      &quot;enable&quot;: true,\n      &quot;speed&quot;: 3\n    },\n    &quot;size&quot;: {\n      &quot;value&quot;: {&quot;min&quot;: 3, &quot;max&quot;: 10}\n    },\n    &quot;shape&quot;: {\n      &quot;type&quot;: [&quot;circle&quot;, &quot;triangle&quot;, &quot;polygon&quot;, &quot;edge&quot;]\n    }\n  }\n}\" data-particles-zindex=\"-1\" data-particles-devices=\"desktop tablet mobile\" class=\"elementor-element elementor-element-584fce50 e-con-full premium-particles-yes e-flex e-con e-parent\" data-id=\"584fce50\" data-element_type=\"container\" data-settings=\"{&quot;background_background&quot;:&quot;classic&quot;,&quot;premium_particles_switcher&quot;:&quot;yes&quot;,&quot;premium_particles_zindex&quot;:-1,&quot;premium_particles_custom_style&quot;:&quot;{\\n  \\&quot;background\\&quot;: {\\n    \\&quot;color\\&quot;: \\&quot;#ffffff\\&quot;\\n  },\\n  \\&quot;particles\\&quot;: {\\n    \\&quot;opacity\\&quot;: {\\n      \\&quot;value\\&quot;: 0.5\\n    },\\n    \\&quot;color\\&quot;: {\\n      \\&quot;value\\&quot;: [\\n        \\&quot;#66C9D2\\&quot;\\n      ]\\n    },\\n    \\&quot;number\\&quot;: {\\n      \\&quot;value\\&quot;: 50\\n    },\\n    \\&quot;links\\&quot;: {\\n      \\&quot;color\\&quot;: {\\n        \\&quot;value\\&quot;: \\&quot;#66C9D2\\&quot;\\n      },\\n      \\&quot;distance\\&quot;: 125,\\n      \\&quot;enable\\&quot;: false,\\n      \\&quot;triangles\\&quot;: {\\n        \\&quot;enable\\&quot;: false,\\n        \\&quot;opacity\\&quot;: 0.01\\n      }\\n    },\\n    \\&quot;move\\&quot;: {\\n      \\&quot;enable\\&quot;: true,\\n      \\&quot;speed\\&quot;: 3\\n    },\\n    \\&quot;size\\&quot;: {\\n      \\&quot;value\\&quot;: {\\&quot;min\\&quot;: 3, \\&quot;max\\&quot;: 10}\\n    },\\n    \\&quot;shape\\&quot;: {\\n      \\&quot;type\\&quot;: [\\&quot;circle\\&quot;, \\&quot;triangle\\&quot;, \\&quot;polygon\\&quot;, \\&quot;edge\\&quot;]\\n    }\\n  }\\n}&quot;,&quot;premium_particles_responsive&quot;:[&quot;desktop&quot;,&quot;tablet&quot;,&quot;mobile&quot;]}\">\n\t\t\t\t<div class=\"elementor-element elementor-element-7a4e1a7c elementor-widget elementor-widget-heading\" data-id=\"7a4e1a7c\" data-element_type=\"widget\" data-widget_type=\"heading.default\">\n\t\t\t\t<div class=\"elementor-widget-container\">\n\t\t\t\t\t<h2 class=\"elementor-heading-title elementor-size-default\">Besoin d'aide avec votre commande? Des questions sur nos produits?<\/h2>\t\t\t\t<\/div>\n\t\t\t\t<\/div>\n\t\t\t\t<div class=\"elementor-element elementor-element-61b86e21 elementor-widget elementor-widget-heading\" data-id=\"61b86e21\" data-element_type=\"widget\" data-widget_type=\"heading.default\">\n\t\t\t\t<div class=\"elementor-widget-container\">\n\t\t\t\t\t<h2 class=\"elementor-heading-title elementor-size-default\">Des questions ?<br>\nOn vous r\u00e9ponds ici<\/h2>\t\t\t\t<\/div>\n\t\t\t\t<\/div>\n\t\t\t\t<div class=\"elementor-element elementor-element-5d3bc4b0 elementor-align-center elementor-widget elementor-widget-button\" data-id=\"5d3bc4b0\" data-element_type=\"widget\" data-widget_type=\"button.default\">\n\t\t\t\t<div class=\"elementor-widget-container\">\n\t\t\t\t\t\t\t\t\t<div class=\"elementor-button-wrapper\">\n\t\t\t\t\t<a class=\"elementor-button elementor-button-link elementor-size-lg elementor-animation-grow\" href=\"https:\/\/new.totalextensions.ca\/contactez-nous\/\">\n\t\t\t\t\t\t<span class=\"elementor-button-content-wrapper\">\n\t\t\t\t\t\t\t\t\t<span class=\"elementor-button-text\">Contactez-nous<\/span>\n\t\t\t\t\t<\/span>\n\t\t\t\t\t<\/a>\n\t\t\t\t<\/div>\n\t\t\t\t\t\t\t\t<\/div>\n\t\t\t\t<\/div>\n\t\t\t\t<\/div>\n\t\t\t\t<\/div>\n\t\t","protected":false},"excerpt":{"rendered":"<p>Votre Panier Retirer l\u2019\u00e9l\u00e9ment Miniature Produit Prix Quantit\u00e9 Sous-total &times; Produit test 2 &#36;234.56 quantit\u00e9 de Produit test 2 &#36;234.56 &times; Produit test 1 &#36;123.24 quantit\u00e9 de Produit test 1 &#36;123.24 Appliquer le Coupon Total du Panier Sous-total &#36;357.80 Exp\u00e9dition Exp\u00e9dition: &#36;18.00 Livraison gratuite Livraison vers QC. Modifier l\u2019adresse Pays\/r\u00e9gion\u00a0: S\u00e9lectionner un pays\/r\u00e9gion\u2026CanadaEtats-Unis (USA) \u00c9tat [&hellip;]<\/p>\n","protected":false},"author":1,"featured_media":0,"parent":0,"menu_order":0,"comment_status":"closed","ping_status":"closed","template":"","meta":{"footnotes":""},"class_list":["post-949","page","type-page","status-publish","hentry"],"_links":{"self":[{"href":"https:\/\/new.totalextensions.ca\/en\/wp-json\/wp\/v2\/pages\/949","targetHints":{"allow":["GET"]}}],"collection":[{"href":"https:\/\/new.totalextensions.ca\/en\/wp-json\/wp\/v2\/pages"}],"about":[{"href":"https:\/\/new.totalextensions.ca\/en\/wp-json\/wp\/v2\/types\/page"}],"author":[{"embeddable":true,"href":"https:\/\/new.totalextensions.ca\/en\/wp-json\/wp\/v2\/users\/1"}],"replies":[{"embeddable":true,"href":"https:\/\/new.totalextensions.ca\/en\/wp-json\/wp\/v2\/comments?post=949"}],"version-history":[{"count":0,"href":"https:\/\/new.totalextensions.ca\/en\/wp-json\/wp\/v2\/pages\/949\/revisions"}],"wp:attachment":[{"href":"https:\/\/new.totalextensions.ca\/en\/wp-json\/wp\/v2\/media?parent=949"}],"curies":[{"name":"wp","href":"https:\/\/api.w.org\/{rel}","templated":true}]}}