{"id":950,"date":"2024-11-25T23:30:55","date_gmt":"2024-11-25T23:30:55","guid":{"rendered":"https:\/\/new.totalextensions.ca\/checkout\/"},"modified":"2025-02-19T00:48:57","modified_gmt":"2025-02-19T00:48:57","slug":"checkout","status":"publish","type":"page","link":"https:\/\/new.totalextensions.ca\/en\/checkout\/","title":{"rendered":"Checkout"},"content":{"rendered":"\t\t<div data-elementor-type=\"wp-page\" data-elementor-id=\"950\" class=\"elementor elementor-950 elementor-12\" data-elementor-post-type=\"page\">\n\t\t\t\t<div data-gradient=\"{&quot;angle&quot;:45,&quot;colors&quot;:[{&quot;_id&quot;:&quot;6deb45e&quot;,&quot;__globals__&quot;:{&quot;premium_gradient_colors&quot;:&quot;&quot;},&quot;premium_gradient_colors&quot;:&quot;#23474A&quot;},{&quot;_id&quot;:&quot;4f7d872&quot;,&quot;__globals__&quot;:{&quot;premium_gradient_colors&quot;:&quot;&quot;},&quot;premium_gradient_colors&quot;:&quot;#132B2D&quot;},{&quot;_id&quot;:&quot;85fdd63&quot;,&quot;__globals__&quot;:{&quot;premium_gradient_colors&quot;:&quot;&quot;},&quot;premium_gradient_colors&quot;:&quot;#467C82&quot;}]}\" class=\"elementor-element elementor-element-7a015061 premium-gradient-yes e-flex e-con-boxed e-con e-parent\" data-id=\"7a015061\" data-element_type=\"container\" data-settings=\"{&quot;shape_divider_bottom&quot;:&quot;waves&quot;}\">\n\t\t\t\t\t<div class=\"e-con-inner\">\n\t\t\t\t<div class=\"elementor-shape elementor-shape-bottom\" aria-hidden=\"true\" data-negative=\"false\">\n\t\t\t<svg xmlns=\"http:\/\/www.w3.org\/2000\/svg\" viewBox=\"0 0 1000 100\" preserveAspectRatio=\"none\">\n\t<path class=\"elementor-shape-fill\" d=\"M421.9,6.5c22.6-2.5,51.5,0.4,75.5,5.3c23.6,4.9,70.9,23.5,100.5,35.7c75.8,32.2,133.7,44.5,192.6,49.7\n\tc23.6,2.1,48.7,3.5,103.4-2.5c54.7-6,106.2-25.6,106.2-25.6V0H0v30.3c0,0,72,32.6,158.4,30.5c39.2-0.7,92.8-6.7,134-22.4\n\tc21.2-8.1,52.2-18.2,79.7-24.2C399.3,7.9,411.6,7.5,421.9,6.5z\"\/>\n<\/svg>\t\t<\/div>\n\t\t<div class=\"elementor-element elementor-element-41b7b241 e-con-full e-flex e-con e-child\" data-id=\"41b7b241\" data-element_type=\"container\">\n\t\t\t\t<div class=\"elementor-element elementor-element-2ca2fc5 elementor-widget elementor-widget-heading\" data-id=\"2ca2fc5\" data-element_type=\"widget\" data-widget_type=\"heading.default\">\n\t\t\t\t<div class=\"elementor-widget-container\">\n\t\t\t\t\t<h2 class=\"elementor-heading-title elementor-size-default\">Validation de commande<\/h2>\t\t\t\t<\/div>\n\t\t\t\t<\/div>\n\t\t\t\t<\/div>\n\t\t\t\t\t<\/div>\n\t\t\t\t<\/div>\n\t\t<div class=\"elementor-element elementor-element-5391c3c4 e-flex e-con-boxed e-con e-parent\" data-id=\"5391c3c4\" data-element_type=\"container\">\n\t\t\t\t\t<div class=\"e-con-inner\">\n\t\t\t\t<div class=\"elementor-element elementor-element-68244037 e-checkout-layout-two-column elementor-widget elementor-widget-woocommerce-checkout-page\" data-id=\"68244037\" data-element_type=\"widget\" data-settings=\"{&quot;sticky_right_column&quot;:&quot;yes&quot;}\" data-widget_type=\"woocommerce-checkout-page.default\">\n\t\t\t\t<div class=\"elementor-widget-container\">\n\t\t\t\t\t<div class=\"woocommerce\"><\/div>\t\t\t\t<\/div>\n\t\t\t\t<\/div>\n\t\t\t\t\t<\/div>\n\t\t\t\t<\/div>\n\t\t\t\t<\/div>\n\t\t","protected":false},"excerpt":{"rendered":"<p>Validation de commande D\u00e9tails de Facturation Pr\u00e9nom&nbsp;* Nom&nbsp;* Compagnie&nbsp;(optionnel) Pays\/r\u00e9gion&nbsp;*S\u00e9lectionner un pays\/r\u00e9gion\u2026CanadaEtats-Unis (USA)Mettre \u00e0 jour le pays\/r\u00e9gion Adresse&nbsp;* Appartement, suite, unit\u00e9 etc.&nbsp;(optionnel) Ville&nbsp;* Province&nbsp;*S\u00e9lectionnez une option&hellip;AlbertaColombie-BritanniqueManitobaNouveau-BrunswickTerre-Neuve-et-LabradorTerritoires du Nord-OuestNouvelle-\u00c9cosseNunavutOntario\u00cele du Prince-\u00c9douardQu\u00e9becSaskatchewanYukon Code postal&nbsp;* T\u00e9l\u00e9phone&nbsp;* Adresse Courriel&nbsp;* Notes de Commande&nbsp;(optionnel) Votre Commande Produit Sous-total Sous-total &#36;0.00 Total &#36;0.00 Votre navigateur ne supporte pas JavaScript ou bien il [&hellip;]<\/p>\n","protected":false},"author":1,"featured_media":0,"parent":0,"menu_order":0,"comment_status":"closed","ping_status":"closed","template":"","meta":{"footnotes":""},"class_list":["post-950","page","type-page","status-publish","hentry"],"_links":{"self":[{"href":"https:\/\/new.totalextensions.ca\/en\/wp-json\/wp\/v2\/pages\/950","targetHints":{"allow":["GET"]}}],"collection":[{"href":"https:\/\/new.totalextensions.ca\/en\/wp-json\/wp\/v2\/pages"}],"about":[{"href":"https:\/\/new.totalextensions.ca\/en\/wp-json\/wp\/v2\/types\/page"}],"author":[{"embeddable":true,"href":"https:\/\/new.totalextensions.ca\/en\/wp-json\/wp\/v2\/users\/1"}],"replies":[{"embeddable":true,"href":"https:\/\/new.totalextensions.ca\/en\/wp-json\/wp\/v2\/comments?post=950"}],"version-history":[{"count":0,"href":"https:\/\/new.totalextensions.ca\/en\/wp-json\/wp\/v2\/pages\/950\/revisions"}],"wp:attachment":[{"href":"https:\/\/new.totalextensions.ca\/en\/wp-json\/wp\/v2\/media?parent=950"}],"curies":[{"name":"wp","href":"https:\/\/api.w.org\/{rel}","templated":true}]}}