{"id":2585,"date":"2025-05-27T05:09:15","date_gmt":"2025-05-27T05:09:15","guid":{"rendered":"https:\/\/new.totalextensions.ca\/produit\/total-lash-easy-fan\/"},"modified":"2025-05-27T05:09:15","modified_gmt":"2025-05-27T05:09:15","slug":"total-lash-easy-fan","status":"publish","type":"product","link":"https:\/\/new.totalextensions.ca\/en\/produit\/total-lash-easy-fan\/","title":{"rendered":"Total Lash Easy Fan"},"content":{"rendered":"","protected":false},"excerpt":{"rendered":"<p><span style=\"color: #ff0000;\"><strong>**10% DE RABAIS \u00c0 L&#8217;ACHAT DE 8 BO\u00ceTIERS TOTAL LASH OU + lors du passage \u00e0 la caisse!**<\/strong><\/span> Les extensions de cils en soie TOTAL LASH par Total Extensions sont exactement le type d\u2019extensions de cils que vous recherchez. Dites bonjour \u00e0 un mat\u00e9riel haut de gamme ultra-doux, l\u00e9ger et naturel qui est \u00e9galement tr\u00e8s facile \u00e0 travailler! ENFIN, des cils volume dont les bouquets se cr\u00e9ent presque tous seuls! On aime! Vous obtiendrez les plus magnifiques poses et aussi les plus rapides jamais cr\u00e9\u00e9es! -Format : Une longueur par bo\u00eetier + 16 rang\u00e9es au total par bo\u00eetier.<\/p>\n","protected":false},"featured_media":2276,"template":"","meta":[],"product_brand":[],"product_cat":[412,413],"product_tag":[],"class_list":{"0":"post-2585","1":"product","2":"type-product","3":"status-publish","4":"has-post-thumbnail","6":"product_cat-extensions-de-cils-en","7":"product_cat-tous-les-produits-en","8":"pa_curl-c-en","9":"pa_curl-d-en","10":"pa_curl-o-en","11":"pa_lenght-6-mm-en","12":"pa_lenght-7-mm-en","13":"pa_lenght-8-mm-en","14":"pa_lenght-9-mm-en","15":"pa_lenght-10-mm-en","16":"pa_lenght-11-mm-en","17":"pa_lenght-12-mm-en","18":"pa_lenght-13-mm-en","19":"pa_lenght-14-mm-en","20":"pa_lenght-15-mm-en","21":"pa_lenght-mix-en","22":"pa_thickness-0-05-mm-en","24":"first","25":"instock","26":"taxable","27":"shipping-taxable","28":"purchasable","29":"product-type-variable","30":"rtwpvs-product"},"_links":{"self":[{"href":"https:\/\/new.totalextensions.ca\/en\/wp-json\/wp\/v2\/product\/2585","targetHints":{"allow":["GET"]}}],"collection":[{"href":"https:\/\/new.totalextensions.ca\/en\/wp-json\/wp\/v2\/product"}],"about":[{"href":"https:\/\/new.totalextensions.ca\/en\/wp-json\/wp\/v2\/types\/product"}],"wp:featuredmedia":[{"embeddable":true,"href":"https:\/\/new.totalextensions.ca\/en\/wp-json\/wp\/v2\/media\/2276"}],"wp:attachment":[{"href":"https:\/\/new.totalextensions.ca\/en\/wp-json\/wp\/v2\/media?parent=2585"}],"wp:term":[{"taxonomy":"product_brand","embeddable":true,"href":"https:\/\/new.totalextensions.ca\/en\/wp-json\/wp\/v2\/product_brand?post=2585"},{"taxonomy":"product_cat","embeddable":true,"href":"https:\/\/new.totalextensions.ca\/en\/wp-json\/wp\/v2\/product_cat?post=2585"},{"taxonomy":"product_tag","embeddable":true,"href":"https:\/\/new.totalextensions.ca\/en\/wp-json\/wp\/v2\/product_tag?post=2585"}],"curies":[{"name":"wp","href":"https:\/\/api.w.org\/{rel}","templated":true}]}}