{"id":2701,"date":"2025-05-27T05:08:13","date_gmt":"2025-05-27T05:08:13","guid":{"rendered":"https:\/\/new.totalextensions.ca\/produit\/total-lash-classic-boitier-dextensions-de-cils-en-soie\/"},"modified":"2025-10-14T18:17:46","modified_gmt":"2025-10-14T18:17:46","slug":"total-lash-classic-boitier-dextensions-de-cils-en-soie","status":"publish","type":"product","link":"https:\/\/new.totalextensions.ca\/en\/produit\/total-lash-classic-boitier-dextensions-de-cils-en-soie\/","title":{"rendered":"Total Lash Classic"},"content":{"rendered":"","protected":false},"excerpt":{"rendered":"<p><span style=\"color: #ff0000;\"><strong>**10% DE RABAIS \u00c0 L&#8217;ACHAT DE 8 BO\u00ceTIERS TOTAL LASH OU + lors du passage \u00e0 la caisse!**<\/strong><\/span> Les extensions de cils en soie TOTAL LASH par Total Extensions sont exactement le type d\u2019extensions de cils que vous recherchez. Dites bonjour \u00e0 un mat\u00e9riel haut de gamme ultra-doux, l\u00e9ger et naturel qui est \u00e9galement tr\u00e8s facile \u00e0 travailler! Vous obtiendrez les plus magnifiques poses et aussi les plus rapides jamais cr\u00e9\u00e9es! &#8211;<strong>Format<\/strong> : Une longueur par bo\u00eetier + 16 rang\u00e9es au total par bo\u00eetier. &#8211;<strong><span style=\"color: #ff0000;\">Options disponibles<\/span><\/strong> :<\/p>\n<ul>\n<li>Pour poses classiques \/ simples \/ cil \u00e0 cil<\/li>\n<li>Mat\u00e9riel en soie de la plus haute qualit\u00e9 : faits \u00e0 la main, doux, l\u00e9gers, v\u00e9g\u00e9taliens, faciles \u00e0 utiliser pour tous les types de poses classique \/ simple \/ cil \u00e0 cil.<\/li>\n<li>Ces extensions de cils garderont leur courbe sans aucun souci !!<\/li>\n<li>Prise des extensions facile. Ultra-rapide \u00e0 saisir, vous adorerez votre travail tous les jours!<\/li>\n<li>Ils sont parfaits pour tous les niveaux de technicienne (d\u00e9butante \u00e0 experte) qui recherchent des poses classiques rapides et faciles \u00e0 r\u00e9aliser.<\/li>\n<li>Vos clientes seront enchant\u00e9es par leurs cils. Ils ont une apparence naturelle (ils n\u2019auront jamais l\u2019air faux) et ils sont ultra-confortables (pas de sensation de porter quelque chose d\u2019\u00e9tranger) \u00e0 porter.<\/li>\n<li>Ils sont parfaits pour cr\u00e9er tout type de pose, y compris les plus naturelles et les plus glamour!<\/li>\n<\/ul>\n","protected":false},"featured_media":2276,"template":"","meta":[],"product_brand":[],"product_cat":[412,413],"product_tag":[456,457,438,439,441,442,443,445,447,458],"class_list":{"0":"post-2701","1":"product","2":"type-product","3":"status-publish","4":"has-post-thumbnail","6":"product_cat-extensions-de-cils-en","7":"product_cat-tous-les-produits-en","8":"product_tag-15-mm-en","9":"product_tag-20-mm-en","10":"product_tag-boitier-cils-en","11":"product_tag-boitier-extensions-de-cils-en","12":"product_tag-cils-de-couleur-en","13":"product_tag-courbe-c-en","14":"product_tag-courbe-d-en","15":"product_tag-extensions-de-cils-en","16":"product_tag-extensions-de-cils-de-couleur-en","17":"product_tag-pose-classique-en","18":"pa_curl-c-en","19":"pa_curl-d-en","20":"pa_curl-lc-en","21":"pa_curl-ld-en","22":"pa_curl-y-en","23":"pa_lenght-8-mm-en","24":"pa_lenght-9-mm-en","25":"pa_lenght-10-mm-en","26":"pa_lenght-11-mm-en","27":"pa_lenght-12-mm-en","28":"pa_lenght-13-mm-en","29":"pa_lenght-14-mm-en","30":"pa_lenght-15-mm-en","31":"pa_lenght-mix-en","32":"pa_thickness-0-15-mm-en","33":"pa_thickness-0-20-mm-en","35":"first","36":"instock","37":"taxable","38":"shipping-taxable","39":"purchasable","40":"product-type-variable","41":"rtwpvs-product"},"_links":{"self":[{"href":"https:\/\/new.totalextensions.ca\/en\/wp-json\/wp\/v2\/product\/2701","targetHints":{"allow":["GET"]}}],"collection":[{"href":"https:\/\/new.totalextensions.ca\/en\/wp-json\/wp\/v2\/product"}],"about":[{"href":"https:\/\/new.totalextensions.ca\/en\/wp-json\/wp\/v2\/types\/product"}],"wp:featuredmedia":[{"embeddable":true,"href":"https:\/\/new.totalextensions.ca\/en\/wp-json\/wp\/v2\/media\/2276"}],"wp:attachment":[{"href":"https:\/\/new.totalextensions.ca\/en\/wp-json\/wp\/v2\/media?parent=2701"}],"wp:term":[{"taxonomy":"product_brand","embeddable":true,"href":"https:\/\/new.totalextensions.ca\/en\/wp-json\/wp\/v2\/product_brand?post=2701"},{"taxonomy":"product_cat","embeddable":true,"href":"https:\/\/new.totalextensions.ca\/en\/wp-json\/wp\/v2\/product_cat?post=2701"},{"taxonomy":"product_tag","embeddable":true,"href":"https:\/\/new.totalextensions.ca\/en\/wp-json\/wp\/v2\/product_tag?post=2701"}],"curies":[{"name":"wp","href":"https:\/\/api.w.org\/{rel}","templated":true}]}}