{"id":2733,"date":"2025-05-27T05:08:13","date_gmt":"2025-05-27T05:08:13","guid":{"rendered":"https:\/\/new.totalextensions.ca\/produit\/cecile-colle-professionnelle-extra-rapide-pour-extensions-de-cils\/"},"modified":"2025-10-14T18:24:07","modified_gmt":"2025-10-14T18:24:07","slug":"cecile-colle-professionnelle-extra-rapide-pour-extensions-de-cils","status":"publish","type":"product","link":"https:\/\/new.totalextensions.ca\/en\/produit\/cecile-colle-professionnelle-extra-rapide-pour-extensions-de-cils\/","title":{"rendered":"Cecile &#8211; Colle Professionnelle Extra-Rapide pour Extensions de cils"},"content":{"rendered":"","protected":false},"excerpt":{"rendered":"<p>Colle pour extension de cils \u00e0 s\u00e9chage ultra-rapide (0,5 \u00e0 1 seconde) et extra longue dur\u00e9e (7 \u00e0 8 semaines) pour les techniques de pose volume russe. Faible viscosit\u00e9, vapeurs faibles. Id\u00e9ale pour les techniciennes de niveau avanc\u00e9.<\/p>\n<p>Notre nouvel adh\u00e9sif pour extensions de cils est sp\u00e9cialement con\u00e7u pour les poses volume russe et les techniciennes rapides &#8211; avec un temps de s\u00e9chage de 0,5 \u00e0 1 seconde et une faible viscosit\u00e9. Son incroyable r\u00e9tention et sa tr\u00e8s longue dur\u00e9e (7 \u00e0 8 semaines) en feront votre nouveau favori de tous les temps! *Pour usage professionnel seulement.<\/p>\n<p>C\u00e9cile poss\u00e8de l&#8217;un des temps de s\u00e9chage les plus rapides de l&#8217;industrie + une tenue extra-longue dur\u00e9e!<\/p>\n<ul>\n<li>Colle \u00e0 s\u00e9chage ultra-rapide pour les techniques de volume!<\/li>\n<li>0,5-1 secondes de temps de s\u00e9chage<\/li>\n<li>Texture liquide &#8211; Faible viscosit\u00e9: emp\u00eache les grumeaux<\/li>\n<li>Disponible en 3 formats : 10, 5 et 3 ml.<\/li>\n<\/ul>\n<p>Pour de meilleurs r\u00e9sultats, nettoyez bien chaque cil avec notre Cilvie et laissez-le s\u00e9cher avant d&#8217;appliquer la colle. Performances optimales: 50% d&#8217;humidit\u00e9 dans la pi\u00e8ce. Utilisez la colle dans les 1-2 mois apr\u00e8s ouverture.<\/p>\n","protected":false},"featured_media":2294,"template":"","meta":[],"product_brand":[],"product_cat":[431,413],"product_tag":[460,461,462,463,464],"class_list":{"0":"post-2733","1":"product","2":"type-product","3":"status-publish","4":"has-post-thumbnail","6":"product_cat-colles-preparateurs-et-dissolvants-en","7":"product_cat-tous-les-produits-en","8":"product_tag-adhesif-extensions-de-cils-en","9":"product_tag-adhesif-instantane-pour-extension-de-cils-en","10":"product_tag-colle-pour-extensions-de-cils-en","11":"product_tag-colle-professionnelle-cils-en","12":"product_tag-colle-rapide-pour-extensions-de-cils-en","14":"first","15":"instock","16":"featured","17":"taxable","18":"shipping-taxable","19":"purchasable","20":"product-type-variable","21":"rtwpvs-product"},"_links":{"self":[{"href":"https:\/\/new.totalextensions.ca\/en\/wp-json\/wp\/v2\/product\/2733","targetHints":{"allow":["GET"]}}],"collection":[{"href":"https:\/\/new.totalextensions.ca\/en\/wp-json\/wp\/v2\/product"}],"about":[{"href":"https:\/\/new.totalextensions.ca\/en\/wp-json\/wp\/v2\/types\/product"}],"wp:featuredmedia":[{"embeddable":true,"href":"https:\/\/new.totalextensions.ca\/en\/wp-json\/wp\/v2\/media\/2294"}],"wp:attachment":[{"href":"https:\/\/new.totalextensions.ca\/en\/wp-json\/wp\/v2\/media?parent=2733"}],"wp:term":[{"taxonomy":"product_brand","embeddable":true,"href":"https:\/\/new.totalextensions.ca\/en\/wp-json\/wp\/v2\/product_brand?post=2733"},{"taxonomy":"product_cat","embeddable":true,"href":"https:\/\/new.totalextensions.ca\/en\/wp-json\/wp\/v2\/product_cat?post=2733"},{"taxonomy":"product_tag","embeddable":true,"href":"https:\/\/new.totalextensions.ca\/en\/wp-json\/wp\/v2\/product_tag?post=2733"}],"curies":[{"name":"wp","href":"https:\/\/api.w.org\/{rel}","templated":true}]}}