{"id":2738,"date":"2025-05-27T05:07:45","date_gmt":"2025-05-27T05:07:45","guid":{"rendered":"https:\/\/new.totalextensions.ca\/produit\/total-lash-cure-nanomist\/"},"modified":"2025-05-27T05:07:45","modified_gmt":"2025-05-27T05:07:45","slug":"total-lash-cure-nanomist","status":"publish","type":"product","link":"https:\/\/new.totalextensions.ca\/en\/produit\/total-lash-cure-nanomist\/","title":{"rendered":"Total Lash Cure Nanomist"},"content":{"rendered":"","protected":false},"excerpt":{"rendered":"<p>TOTAL LASH CURE NANOMIST pour Extensions de cils<\/p>\n<p>Notre Nanomister Total Lash Cure est un petit appareil qui diffuse en permanence une vapeur d\u2019eau ultra-fine lorsqu\u2019il est activ\u00e9. Il dispose d&#8217;un petit r\u00e9servoir \u00e0 remplir avec de l&#8217;eau distill\u00e9e.<\/p>\n<p>Ce Nanomist acc\u00e9l\u00e8re le temps de s\u00e9chage et de polym\u00e9risation de la colle, qui sera compl\u00e9t\u00e9e entre 8 et 12 heures au lieu des 24 \u00e0 48 heures habituelles.<\/p>\n<p>Il apaise \u00e9galement de mani\u00e8re significative les irritations caus\u00e9es par les vapeurs de colle lorsque votre cliente ouvre les yeux \u00e0 la fin de la pose.<\/p>\n<p>Il r\u00e9hydrate les cils naturels et le contour des yeux. Le confort de la cliente est donc am\u00e9lior\u00e9. Vos clientes seront les premi\u00e8res \u00e0 vous rappeler de l&#8217;utiliser!<\/p>\n<p>Comment l&#8217;utiliser? Vaporiser doucement les cils \u00e0 la fin de la pose, pendant environ 1 minute. Gardez le nanomist \u00e0 environ 20 cm des yeux afin d\u2019\u00e9viter toute accumulation d\u2019eau.<\/p>\n<p>Facile \u00e0 utiliser et facile \u00e0 remplir. Besoin de recharger? Tellement simple avec le chargeur USB!<\/p>\n","protected":false},"featured_media":2240,"template":"","meta":[],"product_brand":[],"product_cat":[472,473,413],"product_tag":[474,475,476,477],"class_list":{"0":"post-2738","1":"product","2":"type-product","3":"status-publish","4":"has-post-thumbnail","6":"product_cat-outils-professionnels-pinces-et-accessoires-reutilisables-en","7":"product_cat-outils-pinces-et-accessoires-dextensions-de-cils-en","8":"product_cat-tous-les-produits-en","9":"product_tag-atomizer-en","10":"product_tag-nano-mist-en","11":"product_tag-nanomister-en","12":"product_tag-water-atomizer-en","13":"pa_color-blanc-en","14":"pa_color-noir-en","15":"pa_color-rose-en","17":"first","18":"instock","19":"taxable","20":"shipping-taxable","21":"purchasable","22":"product-type-variable","23":"rtwpvs-product"},"_links":{"self":[{"href":"https:\/\/new.totalextensions.ca\/en\/wp-json\/wp\/v2\/product\/2738","targetHints":{"allow":["GET"]}}],"collection":[{"href":"https:\/\/new.totalextensions.ca\/en\/wp-json\/wp\/v2\/product"}],"about":[{"href":"https:\/\/new.totalextensions.ca\/en\/wp-json\/wp\/v2\/types\/product"}],"wp:featuredmedia":[{"embeddable":true,"href":"https:\/\/new.totalextensions.ca\/en\/wp-json\/wp\/v2\/media\/2240"}],"wp:attachment":[{"href":"https:\/\/new.totalextensions.ca\/en\/wp-json\/wp\/v2\/media?parent=2738"}],"wp:term":[{"taxonomy":"product_brand","embeddable":true,"href":"https:\/\/new.totalextensions.ca\/en\/wp-json\/wp\/v2\/product_brand?post=2738"},{"taxonomy":"product_cat","embeddable":true,"href":"https:\/\/new.totalextensions.ca\/en\/wp-json\/wp\/v2\/product_cat?post=2738"},{"taxonomy":"product_tag","embeddable":true,"href":"https:\/\/new.totalextensions.ca\/en\/wp-json\/wp\/v2\/product_tag?post=2738"}],"curies":[{"name":"wp","href":"https:\/\/api.w.org\/{rel}","templated":true}]}}