{"id":2742,"date":"2025-05-27T05:07:44","date_gmt":"2025-05-27T05:07:44","guid":{"rendered":"https:\/\/new.totalextensions.ca\/produit\/royal-lashes-arc-en-ciel-extensions-de-cils-c-0-07-12-mm\/"},"modified":"2025-05-27T05:07:44","modified_gmt":"2025-05-27T05:07:44","slug":"royal-lashes-arc-en-ciel-extensions-de-cils-c-0-07-12-mm","status":"publish","type":"product","link":"https:\/\/new.totalextensions.ca\/en\/produit\/royal-lashes-arc-en-ciel-extensions-de-cils-c-0-07-12-mm\/","title":{"rendered":"Royal Lashes Arc-En-Ciel Extensions de cils C 0.07 12 mm"},"content":{"rendered":"","protected":false},"excerpt":{"rendered":"<p>Les extensions de cils en soie ROYAL Lash ARC-EN-CIEL par Total Extensions sont exactement le type d\u2019extensions de cils que vous recherchez.<\/p>\n<p><strong>**C 0.07 12 mm<\/strong><\/p>\n<p>Dites bonjour \u00e0 un mat\u00e9riel haut de gamme doux, l\u00e9ger et naturel qui est \u00e9galement tr\u00e8s facile \u00e0 travailler!<\/p>\n<p>Vous obtiendrez les plus magnifiques poses et aussi les plus rapides jamais cr\u00e9\u00e9es!<\/p>\n<ul>\n<li>Mat\u00e9riel en soie de la plus haute qualit\u00e9 : faits \u00e0 la main, doux, l\u00e9gers, v\u00e9g\u00e9taliens, faciles \u00e0 utiliser pour tous les types de poses.<\/li>\n<li>Ces extensions de cils garderont leur courbe sans aucun souci !!<\/li>\n<li>Superbe s\u00e9lection de couleurs pour toutes les envies color\u00e9es de vos clientes!<\/li>\n<li>Prise des extensions facile. Ultra-rapide \u00e0 saisir, vous adorerez votre travail tous les jours!<\/li>\n<li>Ils sont parfaits pour tous les niveaux de technicienne (d\u00e9butante \u00e0 experte) qui recherchent des poses rapides et faciles \u00e0 r\u00e9aliser.<\/li>\n<li>Vos clientes seront enchant\u00e9es par leurs cils. Ils ont une apparence naturelle (ils n\u2019auront jamais l\u2019air faux) et ils sont ultra-confortables (pas de sensation de porter quelque chose d\u2019\u00e9tranger) \u00e0 porter.<\/li>\n<li>Ils sont parfaits pour cr\u00e9er tout type de pose, y compris les plus naturelles et les plus glamour!<\/li>\n<\/ul>\n","protected":false},"featured_media":2232,"template":"","meta":[],"product_brand":[],"product_cat":[412,413],"product_tag":[438,439,441,481,442,443,482,445,447,483,484],"class_list":{"0":"post-2742","1":"product","2":"type-product","3":"status-publish","4":"has-post-thumbnail","6":"product_cat-extensions-de-cils-en","7":"product_cat-tous-les-produits-en","8":"product_tag-boitier-cils-en","9":"product_tag-boitier-extensions-de-cils-en","10":"product_tag-cils-de-couleur-en","11":"product_tag-cils-ellipse-en","12":"product_tag-courbe-c-en","13":"product_tag-courbe-d-en","14":"product_tag-extension-cil-ellipse-en","15":"product_tag-extensions-de-cils-en","16":"product_tag-extensions-de-cils-de-couleur-en","17":"product_tag-extensions-de-cils-ellipse-en","18":"product_tag-extensions-ellipse-en","19":"pa_curl-c-en","20":"pa_curl-cc-en","21":"pa_curl-d-en","22":"pa_lenght-10-mm-en","23":"pa_lenght-12-mm-en","24":"pa_lenght-13-mm-en","25":"pa_lenght-14-mm-en","26":"pa_lenght-15-mm-en","27":"pa_lenght-mix-en","28":"pa_thickness-0-20-mm-en","30":"first","31":"instock","32":"sale","33":"taxable","34":"shipping-taxable","35":"purchasable","36":"product-type-variable","37":"rtwpvs-product"},"_links":{"self":[{"href":"https:\/\/new.totalextensions.ca\/en\/wp-json\/wp\/v2\/product\/2742","targetHints":{"allow":["GET"]}}],"collection":[{"href":"https:\/\/new.totalextensions.ca\/en\/wp-json\/wp\/v2\/product"}],"about":[{"href":"https:\/\/new.totalextensions.ca\/en\/wp-json\/wp\/v2\/types\/product"}],"wp:featuredmedia":[{"embeddable":true,"href":"https:\/\/new.totalextensions.ca\/en\/wp-json\/wp\/v2\/media\/2232"}],"wp:attachment":[{"href":"https:\/\/new.totalextensions.ca\/en\/wp-json\/wp\/v2\/media?parent=2742"}],"wp:term":[{"taxonomy":"product_brand","embeddable":true,"href":"https:\/\/new.totalextensions.ca\/en\/wp-json\/wp\/v2\/product_brand?post=2742"},{"taxonomy":"product_cat","embeddable":true,"href":"https:\/\/new.totalextensions.ca\/en\/wp-json\/wp\/v2\/product_cat?post=2742"},{"taxonomy":"product_tag","embeddable":true,"href":"https:\/\/new.totalextensions.ca\/en\/wp-json\/wp\/v2\/product_tag?post=2742"}],"curies":[{"name":"wp","href":"https:\/\/api.w.org\/{rel}","templated":true}]}}