{"id":2755,"date":"2025-05-27T05:07:31","date_gmt":"2025-05-27T05:07:31","guid":{"rendered":"https:\/\/new.totalextensions.ca\/produit\/demaquillant-totale-performance\/"},"modified":"2025-05-27T05:07:31","modified_gmt":"2025-05-27T05:07:31","slug":"demaquillant-totale-performance","status":"publish","type":"product","link":"https:\/\/new.totalextensions.ca\/en\/produit\/demaquillant-totale-performance\/","title":{"rendered":"D\u00e9maquillant Totale Performance"},"content":{"rendered":"","protected":false},"excerpt":{"rendered":"<p>Ce d\u00e9maquillant vous d\u00e9barrassera facilement et ais\u00e9ment de tout type de maquillage!<\/p>\n<p>* <span style=\"color: #ff0000\"><strong>Techniciennes<\/strong><\/span>: Inscrivez-vous \u00e0 notre programme <a href=\"https:\/\/www.totalextensionslash.com\/pros-exclusif\/?lang=fr\" target=\"_blank\" rel=\"noopener noreferrer\">PRO EXCLUSIF<\/a> et obtenez vos prix de gros exclusifs (seront d\u00e9bloqu\u00e9s apr\u00e8s l&#8217;inscription compl\u00e8te) + des escomptes de quantit\u00e9 suppl\u00e9mentaires sur ce produit\u00a0 (15% de rabais suppl\u00e9mentaire \u00e0 l&#8217;achat de 12 unit\u00e9s et + ou 5% de rabais suppl\u00e9mentaire \u00e0 l&#8217;achat de 6-11 unit\u00e9s).<\/p>\n<p>Sp\u00e9cialement con\u00e7u pour les extensions de cils, il est sans huile, rapide et ultra-efficace, vous \u00e9vitant ainsi de frotter votre peau, vos yeux ou vos cils.<\/p>\n<p>Utilisez nos <a href=\"https:\/\/www.totalextensionslash.com\/product\/total-wands-mousse-applicateurs-jetables-a-embout-mousse-floquee\/?lang=fr\">applicateurs jetables \u00e0 bouts floqu\u00e9s non pelucheux<\/a> pour un d\u00e9maquillage pr\u00e9cis!<\/p>\n<ul>\n<li>Enl\u00e8ve tout type de maquillage, m\u00eame le longue tenue ou imperm\u00e9able!<\/li>\n<li>Sans huile<\/li>\n<li>Texture liquide<\/li>\n<li>Compatible avec les extensions de cils<\/li>\n<li>Vaporisateur pratique<\/li>\n<li>100 ml<\/li>\n<\/ul>\n","protected":false},"featured_media":2201,"template":"","meta":[],"product_brand":[],"product_cat":[492,493,494,413],"product_tag":[495,496,497,498,445],"class_list":{"0":"post-2755","1":"product","2":"type-product","3":"status-publish","4":"has-post-thumbnail","6":"product_cat-entretien-des-cils-en","7":"product_cat-maquillage-et-soins-en","8":"product_cat-produits-revente-en","9":"product_cat-tous-les-produits-en","10":"product_tag-demaquillant-cils-en","11":"product_tag-demaquillant-extensions-de-cils-en","12":"product_tag-demaquillant-pour-les-yeux-en","13":"product_tag-demaquillant-sans-huile-en","14":"product_tag-extensions-de-cils-en","16":"first","17":"instock","18":"taxable","19":"shipping-taxable","20":"purchasable","21":"product-type-simple"},"_links":{"self":[{"href":"https:\/\/new.totalextensions.ca\/en\/wp-json\/wp\/v2\/product\/2755","targetHints":{"allow":["GET"]}}],"collection":[{"href":"https:\/\/new.totalextensions.ca\/en\/wp-json\/wp\/v2\/product"}],"about":[{"href":"https:\/\/new.totalextensions.ca\/en\/wp-json\/wp\/v2\/types\/product"}],"wp:featuredmedia":[{"embeddable":true,"href":"https:\/\/new.totalextensions.ca\/en\/wp-json\/wp\/v2\/media\/2201"}],"wp:attachment":[{"href":"https:\/\/new.totalextensions.ca\/en\/wp-json\/wp\/v2\/media?parent=2755"}],"wp:term":[{"taxonomy":"product_brand","embeddable":true,"href":"https:\/\/new.totalextensions.ca\/en\/wp-json\/wp\/v2\/product_brand?post=2755"},{"taxonomy":"product_cat","embeddable":true,"href":"https:\/\/new.totalextensions.ca\/en\/wp-json\/wp\/v2\/product_cat?post=2755"},{"taxonomy":"product_tag","embeddable":true,"href":"https:\/\/new.totalextensions.ca\/en\/wp-json\/wp\/v2\/product_tag?post=2755"}],"curies":[{"name":"wp","href":"https:\/\/api.w.org\/{rel}","templated":true}]}}