{"id":2812,"date":"2025-05-27T05:06:45","date_gmt":"2025-05-27T05:06:45","guid":{"rendered":"https:\/\/new.totalextensions.ca\/produit\/total-pro-collagene-patchs-contour-des-yeux-a-lhydrogel-pour-extensions-de-cils\/"},"modified":"2025-05-27T05:06:45","modified_gmt":"2025-05-27T05:06:45","slug":"total-pro-collagene-patchs-contour-des-yeux-a-lhydrogel-pour-extensions-de-cils","status":"publish","type":"product","link":"https:\/\/new.totalextensions.ca\/en\/produit\/total-pro-collagene-patchs-contour-des-yeux-a-lhydrogel-pour-extensions-de-cils\/","title":{"rendered":"Total Pro-Collag\u00e8ne &#8211; Patchs contour des yeux \u00e0 l&#8217;hydrogel pour extensions de cils"},"content":{"rendered":"","protected":false},"excerpt":{"rendered":"<p>Patchs pour extensions de cils \u00e0 l\u2019hydrogel avec phyto-collag\u00e8ne hydratant \u2013 10 paires.<\/p>\n<p>Patchs contour des yeux TOTAL EXTENSIONS au collag\u00e8ne v\u00e9g\u00e9tal pour pose d\u2019extensions de cils ou traitement apaisant, revigorant et anti-\u00e2ge maison.<\/p>\n<p>Ces patchs en gel pour le contour des yeux est fabriqu\u00e9 \u00e0 partir d\u2019un mat\u00e9riel non pelucheux et non fibreux, afin d\u2019optimiser la pose des extensions de cils, le rehaussement de cils, la permanente des cils, la coloration des cils (ou teinture de cils) ou simplement pour rafra\u00eechir le regard pour un effet anti-fatigue instantan\u00e9!<\/p>\n<p>D\u2019\u00e9paisseur parfaite, douces, tr\u00e8s collantes, id\u00e9ales pour prot\u00e9ger la peau de votre cliente, elles s\u2019adaptent merveilleusement bien aux courbes du visage et du contour des yeux tout en maintenant les cils inf\u00e9rieurs \u00e0 l\u2019\u00e9cart de votre travail.<\/p>\n<ul>\n<li>Disponible dans les tailles suivantes: 10 sachets, 25 sachets, 50 sachets et 100 sachets. Chaque pochette contient 2 patchs pour les yeux (1,7 g &#8211; 0,06 OZ).<\/li>\n<li>Disponible dans les formes suivantes : Goutte et Banane.<\/li>\n<li>Les patchs contour des yeux TOTAL EXTENSIONS sans fibres avec phyto-collag\u00e8ne poss\u00e8dent un c\u00f4t\u00e9 recouvert d\u2019hydrogel collant qui emp\u00eache les patchs de se d\u00e9placer durant la pose des extensions de cils.<\/li>\n<li>Ingr\u00e9dients: Eau, Glyc\u00e9rine, Polyacrylate de Sodium, Carbomer, Extrait d&#8217;Hamam\u00e9lis, Gel d\u2019Alo\u00e8s, Gomme Natto (phyto-collag\u00e8ne), Allanto\u00efne, Tocoph\u00e9rol, Polysorbate 80, Ph\u00e9noxy\u00e9thanol, Ethylhexylglyc\u00e9rine, Acide citrique.<\/li>\n<li>Sans parab\u00e8nes, sans MIT, v\u00e9g\u00e9talien, sans huile, non-pelucheux\/non-fibreux.<\/li>\n<li>Douces, non irritantes et agr\u00e9able \u00e0 porter m\u00eame pendant de longues p\u00e9riodes.<\/li>\n<li>Comment les utiliser: Appliquez sur les cils inf\u00e9rieurs avant la pose des extensions de cils. S\u00e9curiser \u00e0 l\u2019aide du <a href=\"https:\/\/www.totalextensionslash.com\/product\/total-ribbon-micropore-3m-medical-tape-for-eyelash-extension-set\/\">ruban m\u00e9dical Micropore<\/a> au besoin. Peut \u00e9galement \u00eatre utilis\u00e9 comme traitement express apaisant et anti-fatigue (laisser agir 20 minutes).<\/li>\n<li>Enlevez toujours les patchs le plus doucement et d\u00e9licatement possible pour \u00e9viter de tirer la peau ou les cils naturels.<\/li>\n<\/ul>\n","protected":false},"featured_media":2106,"template":"","meta":[],"product_brand":[],"product_cat":[493,506,473,413],"product_tag":[507,508,509,510,511,512],"class_list":{"0":"post-2812","1":"product","2":"type-product","3":"status-publish","4":"has-post-thumbnail","6":"product_cat-maquillage-et-soins-en","7":"product_cat-outils-et-accessoires-jetables-professionnels-en","8":"product_cat-outils-pinces-et-accessoires-dextensions-de-cils-en","9":"product_cat-tous-les-produits-en","10":"product_tag-patch-contour-des-yeux-en","11":"product_tag-patch-extensions-de-cils-en","12":"product_tag-patch-pour-extensions-de-cils-en","13":"product_tag-patchs-contour-des-yeux-a-lhydrogel-en","14":"product_tag-patchs-excellent-en","15":"product_tag-patchs-pour-extensions-de-cils-en","16":"pa_shape-forme-banane-en","17":"pa_shape-forme-goutte-en","19":"first","20":"instock","21":"taxable","22":"shipping-taxable","23":"purchasable","24":"product-type-variable","25":"rtwpvs-product"},"_links":{"self":[{"href":"https:\/\/new.totalextensions.ca\/en\/wp-json\/wp\/v2\/product\/2812","targetHints":{"allow":["GET"]}}],"collection":[{"href":"https:\/\/new.totalextensions.ca\/en\/wp-json\/wp\/v2\/product"}],"about":[{"href":"https:\/\/new.totalextensions.ca\/en\/wp-json\/wp\/v2\/types\/product"}],"wp:featuredmedia":[{"embeddable":true,"href":"https:\/\/new.totalextensions.ca\/en\/wp-json\/wp\/v2\/media\/2106"}],"wp:attachment":[{"href":"https:\/\/new.totalextensions.ca\/en\/wp-json\/wp\/v2\/media?parent=2812"}],"wp:term":[{"taxonomy":"product_brand","embeddable":true,"href":"https:\/\/new.totalextensions.ca\/en\/wp-json\/wp\/v2\/product_brand?post=2812"},{"taxonomy":"product_cat","embeddable":true,"href":"https:\/\/new.totalextensions.ca\/en\/wp-json\/wp\/v2\/product_cat?post=2812"},{"taxonomy":"product_tag","embeddable":true,"href":"https:\/\/new.totalextensions.ca\/en\/wp-json\/wp\/v2\/product_tag?post=2812"}],"curies":[{"name":"wp","href":"https:\/\/api.w.org\/{rel}","templated":true}]}}