{"id":2820,"date":"2025-05-27T05:06:45","date_gmt":"2025-05-27T05:06:45","guid":{"rendered":"https:\/\/new.totalextensions.ca\/produit\/total-serum-rehausseur-cils-et-sourcils\/"},"modified":"2025-05-27T05:06:45","modified_gmt":"2025-05-27T05:06:45","slug":"total-serum-rehausseur-cils-et-sourcils","status":"publish","type":"product","link":"https:\/\/new.totalextensions.ca\/en\/produit\/total-serum-rehausseur-cils-et-sourcils\/","title":{"rendered":"Total S\u00e9rum Rehausseur cils et sourcils"},"content":{"rendered":"","protected":false},"excerpt":{"rendered":"<p>S\u00e9rum traitant pour des cils longs et forts!<\/p>\n<p>* <span style=\"color: #ff0000\"><strong>Techniciennes<\/strong><\/span>: Inscrivez-vous \u00e0 notre programme <a href=\"https:\/\/www.totalextensionslash.com\/pros-exclusif\/?lang=fr\" target=\"_blank\" rel=\"noopener noreferrer\">PRO EXCLUSIF<\/a> et obtenez vos prix de gros exclusifs (seront d\u00e9bloqu\u00e9s apr\u00e8s l&#8217;inscription compl\u00e8te) + des escomptes de quantit\u00e9 suppl\u00e9mentaires sur ce produit\u00a0 (15% de rabais suppl\u00e9mentaire \u00e0 l&#8217;achat de 12 unit\u00e9s et + ou 5% de rabais suppl\u00e9mentaire \u00e0 l&#8217;achat de 6-11 unit\u00e9s).<\/p>\n<p>Notre s\u00e9rum rehausseur pour cils et sourcils contient des peptides test\u00e9s cliniquement. Les tests ont d\u00e9montr\u00e9 qu&#8217;ils intensifiaient consid\u00e9rablement les cils naturels (et les sourcils), leur donnant ainsi une apparence plus volumineuse, plus longue et plus fournie.<\/p>\n<p>La formule concentr\u00e9e et puissante de TOTAL S\u00c9RUM est tr\u00e8s efficace pour les cils fins, courts ou affaiblis. Compatible avec les extensions de cils et les porteurs de lentilles.<\/p>\n<ul>\n<li>Votre meilleure solution pour les cils courts ou clairsem\u00e9s, les sourcils fins ou \u00e9parses.<\/li>\n<li>Fabriqu\u00e9 au Canada \u00e0 partir d&#8217;ingr\u00e9dients de la plus haute qualit\u00e9.<\/li>\n<li>Sans huile, sans silicone, sans prostaglandine, sans parab\u00e8nes, sans MIT.<\/li>\n<li>La pointe ultrafine du pinceau applicateur est facile \u00e0 utiliser et tr\u00e8s pr\u00e9cise.<\/li>\n<li>Comment l&#8217;utiliser : Appliquez une couche tr\u00e8s fine tous les soirs \u00e0 la base des cils sup\u00e9rieurs (ou des sourcils) sur une peau parfaitement propre, sans maquillage, ni cr\u00e8me, ni salet\u00e9 ou r\u00e9sidus huileux. Ne pas appliquer sur la paupi\u00e8re inf\u00e9rieure.<\/li>\n<li>Si vous avez une peau tr\u00e8s sensible ou des yeux tr\u00e8s sensibles, vous pouvez commencer \u00e0 utiliser le produit tous les deux jours pour aider votre peau et vos yeux \u00e0 s\u2019y habituer. Vous pouvez ressentir une l\u00e9g\u00e8re sensation de picotement la premi\u00e8re semaine.<\/li>\n<li>Ce s\u00e9rum ne doit \u00eatre appliqu\u00e9 qu&#8217;\u00e0 la racine des cils (ou des sourcils). Eviter tout contact avec les yeux. En cas de contact ou de fuite de produit \u00e0 l&#8217;int\u00e9rieur de l&#8217;\u0153il, rincez abondamment \u00e0 l&#8217;eau claire. Cessez imm\u00e9diatement l&#8217;utilisation en cas d&#8217;irritation ou de rougeur.<\/li>\n<li>Pour de meilleurs r\u00e9sultats, continuez \u00e0 utiliser TOTAL SERUM pendant au moins 6 \u00e0 8 semaines.<\/li>\n<li>Ingr\u00e9dients\u00a0: AQUA, URTICA DIOICA WATER EXTRACT, GLYCERIN, MYRISTOYL PENTAPEPTIDE-17, MYRISTOYL HEXAPEPTIDE-16, BUTYLENE GLYCOL, DEXTRAN, ACETYL TETRAPEPTIDE-3, TRIFOLIUM PRATENSE FLOWER EXTRACT, PANAX GINSENG ROOT EXTRACT, D-PANTHENOL, HYALURONIC ACID, PHENOXYETHANOL, ETHYLHEXYLGLYCERIN, XANTHAN GUM, SODIUM HYDROXIDE.<\/li>\n<\/ul>\n<p>Format\u00a0: 5 ml &#8211; 0,17 fl. Oz<\/p>\n","protected":false},"featured_media":2118,"template":"","meta":[],"product_brand":[],"product_cat":[492,493,494,413],"product_tag":[519,520,521,522,523,524],"class_list":{"0":"post-2820","1":"product","2":"type-product","3":"status-publish","4":"has-post-thumbnail","6":"product_cat-entretien-des-cils-en","7":"product_cat-maquillage-et-soins-en","8":"product_cat-produits-revente-en","9":"product_cat-tous-les-produits-en","10":"product_tag-cils-plus-longs-en","11":"product_tag-faire-pousser-les-cils-en","12":"product_tag-serum-cils-en","13":"product_tag-serum-pour-extensions-de-cils-en","14":"product_tag-serum-pour-les-sourcils-en","15":"product_tag-traitement-pour-les-cils-en","17":"first","18":"instock","19":"featured","20":"taxable","21":"shipping-taxable","22":"purchasable","23":"product-type-simple"},"_links":{"self":[{"href":"https:\/\/new.totalextensions.ca\/en\/wp-json\/wp\/v2\/product\/2820","targetHints":{"allow":["GET"]}}],"collection":[{"href":"https:\/\/new.totalextensions.ca\/en\/wp-json\/wp\/v2\/product"}],"about":[{"href":"https:\/\/new.totalextensions.ca\/en\/wp-json\/wp\/v2\/types\/product"}],"wp:featuredmedia":[{"embeddable":true,"href":"https:\/\/new.totalextensions.ca\/en\/wp-json\/wp\/v2\/media\/2118"}],"wp:attachment":[{"href":"https:\/\/new.totalextensions.ca\/en\/wp-json\/wp\/v2\/media?parent=2820"}],"wp:term":[{"taxonomy":"product_brand","embeddable":true,"href":"https:\/\/new.totalextensions.ca\/en\/wp-json\/wp\/v2\/product_brand?post=2820"},{"taxonomy":"product_cat","embeddable":true,"href":"https:\/\/new.totalextensions.ca\/en\/wp-json\/wp\/v2\/product_cat?post=2820"},{"taxonomy":"product_tag","embeddable":true,"href":"https:\/\/new.totalextensions.ca\/en\/wp-json\/wp\/v2\/product_tag?post=2820"}],"curies":[{"name":"wp","href":"https:\/\/api.w.org\/{rel}","templated":true}]}}