{"id":2822,"date":"2025-05-27T05:06:45","date_gmt":"2025-05-27T05:06:45","guid":{"rendered":"https:\/\/new.totalextensions.ca\/produit\/total-dissolvant-pour-extensions-de-cils\/"},"modified":"2025-05-27T05:06:45","modified_gmt":"2025-05-27T05:06:45","slug":"total-dissolvant-pour-extensions-de-cils","status":"publish","type":"product","link":"https:\/\/new.totalextensions.ca\/en\/produit\/total-dissolvant-pour-extensions-de-cils\/","title":{"rendered":"Total Dissolvant pour extensions de cils"},"content":{"rendered":"","protected":false},"excerpt":{"rendered":"<p>Dissolvant rapide et efficace pour la colle d\u2019extensions de cils professionnelle.<\/p>\n<p>Le DISSOLVANT TOTAL a \u00e9t\u00e9 formul\u00e9 pour agir rapidement sur tous les types de colle cyanoacrylate pour extensions de cils. Sa texture gel pr\u00e9vient les fuites. Le retrait des extensions de cils sera d\u00e9sormais tr\u00e8s facile avec le Dissolvant TOTAL.<\/p>\n<ul>\n<li>100% s\u00e9curitaire pour les cils naturels.<\/li>\n<li>Dissout facilement et rapidement la colle pour extension de cils.<\/li>\n<li>Indolore et facile \u00e0 utiliser.<\/li>\n<li>Vous n\u2019avez besoin que d\u2019une petite quantit\u00e9 pour dissoudre m\u00eame la colle la plus r\u00e9sistante.<\/li>\n<li>Pour usage professionnel seulement.<\/li>\n<li>Gardez les yeux de la cliente bien ferm\u00e9s et bien prot\u00e9g\u00e9s.<\/li>\n<li>Proc\u00e9der au retrait des extensions seulement si vous avez re\u00e7u la formation ad\u00e9quate.<\/li>\n<li>10 ml<\/li>\n<li>Fragrance de pamplemousse rose<\/li>\n<\/ul>\n<p>**Tout comme c\u2019est le cas pour nos colles, vous devez obligatoirement poss\u00e9der un dipl\u00f4me reconnu en extensions de cils pour faire l\u2019achat de ce produit. **<\/p>\n","protected":false},"featured_media":2128,"template":"","meta":[],"product_brand":[],"product_cat":[431,413],"product_tag":[531,532,533,534],"class_list":{"0":"post-2822","1":"product","2":"type-product","3":"status-publish","4":"has-post-thumbnail","6":"product_cat-colles-preparateurs-et-dissolvants-en","7":"product_cat-tous-les-produits-en","8":"product_tag-dissolvant-en-gel-pour-extensions-de-cils-en","9":"product_tag-dissolvant-extensions-de-cils-en","10":"product_tag-dissolvant-pour-extensions-de-cils-en","11":"product_tag-retirer-les-extensions-de-cils-en","13":"first","14":"instock","15":"taxable","16":"shipping-taxable","17":"purchasable","18":"product-type-simple"},"_links":{"self":[{"href":"https:\/\/new.totalextensions.ca\/en\/wp-json\/wp\/v2\/product\/2822","targetHints":{"allow":["GET"]}}],"collection":[{"href":"https:\/\/new.totalextensions.ca\/en\/wp-json\/wp\/v2\/product"}],"about":[{"href":"https:\/\/new.totalextensions.ca\/en\/wp-json\/wp\/v2\/types\/product"}],"wp:featuredmedia":[{"embeddable":true,"href":"https:\/\/new.totalextensions.ca\/en\/wp-json\/wp\/v2\/media\/2128"}],"wp:attachment":[{"href":"https:\/\/new.totalextensions.ca\/en\/wp-json\/wp\/v2\/media?parent=2822"}],"wp:term":[{"taxonomy":"product_brand","embeddable":true,"href":"https:\/\/new.totalextensions.ca\/en\/wp-json\/wp\/v2\/product_brand?post=2822"},{"taxonomy":"product_cat","embeddable":true,"href":"https:\/\/new.totalextensions.ca\/en\/wp-json\/wp\/v2\/product_cat?post=2822"},{"taxonomy":"product_tag","embeddable":true,"href":"https:\/\/new.totalextensions.ca\/en\/wp-json\/wp\/v2\/product_tag?post=2822"}],"curies":[{"name":"wp","href":"https:\/\/api.w.org\/{rel}","templated":true}]}}