{"id":2823,"date":"2025-05-27T05:06:45","date_gmt":"2025-05-27T05:06:45","guid":{"rendered":"https:\/\/new.totalextensions.ca\/produit\/cilvie-preparateur-professionnel-pour-extensions-de-cils\/"},"modified":"2025-05-27T05:06:45","modified_gmt":"2025-05-27T05:06:45","slug":"cilvie-preparateur-professionnel-pour-extensions-de-cils","status":"publish","type":"product","link":"https:\/\/new.totalextensions.ca\/en\/produit\/cilvie-preparateur-professionnel-pour-extensions-de-cils\/","title":{"rendered":"Cilvie &#8211; Pr\u00e9parateur professionnel pour extensions de cils"},"content":{"rendered":"","protected":false},"excerpt":{"rendered":"<p>CILVIE est un appr\u00eat \/ pr\u00e9parateur pour les extensions de cils. Con\u00e7u comme pr\u00e9traitement adh\u00e9sif pour un nettoyage parfait des cils en \u00e9liminant l&#8217;huile, les r\u00e9sidus, les prot\u00e9ines, la salet\u00e9, le maquillage et la poussi\u00e8re. Augmente la r\u00e9tention de colle et la tenue des extensions de cils.<\/p>\n<p>CILVIE \u2013 Pr\u00e9parateur pour extensions de cils est sp\u00e9cialement formul\u00e9 pour pr\u00e9parer les cils avant tout type de pose d&#8217;extensions de cils. Il nettoie parfaitement les cils et \u00e9limine les r\u00e9sidus d&#8217;huile, de prot\u00e9ines, de salet\u00e9, de maquillage et de poussi\u00e8re pour assurer la meilleure tenue et l&#8217;adh\u00e9rence des extensions aux cils naturels. Aide \u00e0 pr\u00e9venir la perte d&#8217;humidit\u00e9 par les cils naturels et \u00e0 les prot\u00e9ger des dommages chimiques. Am\u00e9lioration de la puissance de la colle \u00e0 200% gr\u00e2ce \u00e0 son polym\u00e8re collant ajout\u00e9.<\/p>\n<ul>\n<li>CILVIE est indispensable pour les extensions de cils plus durables.<\/li>\n<li>Nettoie les cils et \u00e9limine les r\u00e9sidus d&#8217;huile, de prot\u00e9ines, de salet\u00e9, de maquillage et de poussi\u00e8re.<\/li>\n<li>Ingr\u00e9dients: Aqua,\u00a0 Ethyl Alcohol, PVP, AMP-Acrylates Copolymer, Phenoxyethanol, Polysorbate 20, Fragrance.<\/li>\n<li>Fragrance d\u00e9licate de Gomme Balloune.<\/li>\n<li>Am\u00e9lioration de 200% de la puissance de la colle.<\/li>\n<\/ul>\n","protected":false},"featured_media":2134,"template":"","meta":[],"product_brand":[],"product_cat":[431,413],"product_tag":[432,526,535,536],"class_list":{"0":"post-2823","1":"product","2":"type-product","3":"status-publish","4":"has-post-thumbnail","6":"product_cat-colles-preparateurs-et-dissolvants-en","7":"product_cat-tous-les-produits-en","8":"product_tag-appret-extensions-de-cils-en","9":"product_tag-nettoyant-extensions-de-cils-en","10":"product_tag-preparateur-cils-en","11":"product_tag-preparateur-pour-extensions-de-cils-en","13":"first","14":"outofstock","15":"taxable","16":"shipping-taxable","17":"product-type-variable","18":"rtwpvs-product"},"_links":{"self":[{"href":"https:\/\/new.totalextensions.ca\/en\/wp-json\/wp\/v2\/product\/2823","targetHints":{"allow":["GET"]}}],"collection":[{"href":"https:\/\/new.totalextensions.ca\/en\/wp-json\/wp\/v2\/product"}],"about":[{"href":"https:\/\/new.totalextensions.ca\/en\/wp-json\/wp\/v2\/types\/product"}],"wp:featuredmedia":[{"embeddable":true,"href":"https:\/\/new.totalextensions.ca\/en\/wp-json\/wp\/v2\/media\/2134"}],"wp:attachment":[{"href":"https:\/\/new.totalextensions.ca\/en\/wp-json\/wp\/v2\/media?parent=2823"}],"wp:term":[{"taxonomy":"product_brand","embeddable":true,"href":"https:\/\/new.totalextensions.ca\/en\/wp-json\/wp\/v2\/product_brand?post=2823"},{"taxonomy":"product_cat","embeddable":true,"href":"https:\/\/new.totalextensions.ca\/en\/wp-json\/wp\/v2\/product_cat?post=2823"},{"taxonomy":"product_tag","embeddable":true,"href":"https:\/\/new.totalextensions.ca\/en\/wp-json\/wp\/v2\/product_tag?post=2823"}],"curies":[{"name":"wp","href":"https:\/\/api.w.org\/{rel}","templated":true}]}}