{"id":2827,"date":"2025-05-27T05:06:45","date_gmt":"2025-05-27T05:06:45","guid":{"rendered":"https:\/\/new.totalextensions.ca\/produit\/total-lash-mini-arc-en-ciel-extensions-de-cils-de-couleur-en-mini-boitier\/"},"modified":"2025-10-14T18:18:43","modified_gmt":"2025-10-14T18:18:43","slug":"total-lash-mini-arc-en-ciel-extensions-de-cils-de-couleur-en-mini-boitier","status":"publish","type":"product","link":"https:\/\/new.totalextensions.ca\/en\/produit\/total-lash-mini-arc-en-ciel-extensions-de-cils-de-couleur-en-mini-boitier\/","title":{"rendered":"Total Lash Mini Couleur"},"content":{"rendered":"","protected":false},"excerpt":{"rendered":"<p>Envie d\u2019une touche de folie? Ajoutez de la couleur \u00e0 vos poses ou cr\u00e9ez une pose compl\u00e8te haute en couleur avec nos extensions de cils color\u00e9es en soie haut de gamme TOTAL LASH Arc-en-ciel!<\/p>\n<p>Ces extensions sont exactement ce que vous recherchez en termes de cils de couleur. Dites bonjour \u00e0 une fibre ultra-douce, l\u00e9g\u00e8re et naturelle qui est \u00e9galement tr\u00e8s facile \u00e0 travailler! Vous obtiendrez les poses color\u00e9es les plus magnifiques en tout temps et en un rien de temps!<\/p>\n<p>Format : D 0,07 MIX 8-13 mm (6 rang\u00e9es par mini-bo\u00eetier), 1 longueur par rang\u00e9e.<\/p>\n<p>Couleurs disponibles : Bordeaux, Orange, Rouge, Rose, Violet, Bleu.<\/p>\n<ul>\n<li>Cils en soie de la plus haute qualit\u00e9: faits \u00e0 la main, doux, l\u00e9gers, v\u00e9g\u00e9taliens, faciles \u00e0 utiliser pour toutes les techniques.<\/li>\n<li>Ces extensions de cils ne perdront jamais leur courbe! Travaillez sans casse-t\u00eate! \ud83d\ude42<\/li>\n<li>Pas de gaspillage\u00a0: procurez-vous uniquement les couleurs qui vous plaisent dans des quantit\u00e9s plus petites (mini bo\u00eetiers de 6 rang\u00e9es).<\/li>\n<\/ul>\n<p>Cr\u00e9ez des poses avec une touche de couleur ou des poses artistiques multicolores.<\/p>\n<p>Les extensions de cils de couleurs sont ultra-tendance et les TOTAL LASH MINI ARC-EN-CIEL sont un must pour surfer sur cette tendance funky!<\/p>\n","protected":false},"featured_media":2150,"template":"","meta":[],"product_brand":[],"product_cat":[412,413],"product_tag":[440,441,545,445,446,447],"class_list":{"0":"post-2827","1":"product","2":"type-product","3":"status-publish","4":"has-post-thumbnail","6":"product_cat-extensions-de-cils-en","7":"product_cat-tous-les-produits-en","8":"product_tag-cils-colores-en","9":"product_tag-cils-de-couleur-en","10":"product_tag-cils-multicolores-en","11":"product_tag-extensions-de-cils-en","12":"product_tag-extensions-de-cils-colores-en","13":"product_tag-extensions-de-cils-de-couleur-en","14":"pa_color-bleu-en","15":"pa_color-mauve-en","16":"pa_color-orange-en","17":"pa_color-rose-en","19":"first","20":"instock","21":"taxable","22":"shipping-taxable","23":"purchasable","24":"product-type-variable","25":"rtwpvs-product"},"_links":{"self":[{"href":"https:\/\/new.totalextensions.ca\/en\/wp-json\/wp\/v2\/product\/2827","targetHints":{"allow":["GET"]}}],"collection":[{"href":"https:\/\/new.totalextensions.ca\/en\/wp-json\/wp\/v2\/product"}],"about":[{"href":"https:\/\/new.totalextensions.ca\/en\/wp-json\/wp\/v2\/types\/product"}],"wp:featuredmedia":[{"embeddable":true,"href":"https:\/\/new.totalextensions.ca\/en\/wp-json\/wp\/v2\/media\/2150"}],"wp:attachment":[{"href":"https:\/\/new.totalextensions.ca\/en\/wp-json\/wp\/v2\/media?parent=2827"}],"wp:term":[{"taxonomy":"product_brand","embeddable":true,"href":"https:\/\/new.totalextensions.ca\/en\/wp-json\/wp\/v2\/product_brand?post=2827"},{"taxonomy":"product_cat","embeddable":true,"href":"https:\/\/new.totalextensions.ca\/en\/wp-json\/wp\/v2\/product_cat?post=2827"},{"taxonomy":"product_tag","embeddable":true,"href":"https:\/\/new.totalextensions.ca\/en\/wp-json\/wp\/v2\/product_tag?post=2827"}],"curies":[{"name":"wp","href":"https:\/\/api.w.org\/{rel}","templated":true}]}}