{"id":2838,"date":"2025-05-27T05:06:27","date_gmt":"2025-05-27T05:06:27","guid":{"rendered":"https:\/\/new.totalextensions.ca\/produit\/total-cut-ciseaux-professionnels-pour-pose-dextensions-de-cils\/"},"modified":"2025-05-27T05:06:27","modified_gmt":"2025-05-27T05:06:27","slug":"total-cut-ciseaux-professionnels-pour-pose-dextensions-de-cils","status":"publish","type":"product","link":"https:\/\/new.totalextensions.ca\/en\/produit\/total-cut-ciseaux-professionnels-pour-pose-dextensions-de-cils\/","title":{"rendered":"Total Cut &#8211; Ciseaux professionnels pour pose d&#8217;extensions de cils"},"content":{"rendered":"","protected":false},"excerpt":{"rendered":"<p>Ciseaux pour extensions de cils<\/p>\n<p>Ciseaux de pr\u00e9cision en acier inoxydable de qualit\u00e9 professionnelle pour couper le ruban m\u00e9dical adh\u00e9sif, les patchs pour les yeux, les faux cils ou tout autre proc\u00e9dure en extension des cils.<\/p>\n<ul>\n<li>Pour usage professionnel seulement.<\/li>\n<li>Pointe ultra tranchante et pr\u00e9cise: coupe parfaitement tous les mat\u00e9riaux, m\u00eame les plus mous ou souples!<\/li>\n<li>Le motif &#8220;plumes&#8221; am\u00e9liore la prise des mains pour un meilleur contr\u00f4le.<\/li>\n<li>L\u00e9ger, pour un travail confortable.<\/li>\n<li>Acier inoxydable allemand chirurgical de haute qualit\u00e9<\/li>\n<li>Ultra pr\u00e9cis et facile \u00e0 utiliser.<\/li>\n<li>Fini argent\u00e9 lustr\u00e9<\/li>\n<\/ul>\n","protected":false},"featured_media":2057,"template":"","meta":[],"product_brand":[],"product_cat":[472,473,413],"product_tag":[561,562,563],"class_list":{"0":"post-2838","1":"product","2":"type-product","3":"status-publish","4":"has-post-thumbnail","6":"product_cat-outils-professionnels-pinces-et-accessoires-reutilisables-en","7":"product_cat-outils-pinces-et-accessoires-dextensions-de-cils-en","8":"product_cat-tous-les-produits-en","9":"product_tag-ciseaux-a-sourcils-en","10":"product_tag-ciseaux-extensions-de-cils-en","11":"product_tag-ciseaux-professionnels-en","13":"first","14":"instock","15":"taxable","16":"shipping-taxable","17":"purchasable","18":"product-type-simple"},"_links":{"self":[{"href":"https:\/\/new.totalextensions.ca\/en\/wp-json\/wp\/v2\/product\/2838","targetHints":{"allow":["GET"]}}],"collection":[{"href":"https:\/\/new.totalextensions.ca\/en\/wp-json\/wp\/v2\/product"}],"about":[{"href":"https:\/\/new.totalextensions.ca\/en\/wp-json\/wp\/v2\/types\/product"}],"wp:featuredmedia":[{"embeddable":true,"href":"https:\/\/new.totalextensions.ca\/en\/wp-json\/wp\/v2\/media\/2057"}],"wp:attachment":[{"href":"https:\/\/new.totalextensions.ca\/en\/wp-json\/wp\/v2\/media?parent=2838"}],"wp:term":[{"taxonomy":"product_brand","embeddable":true,"href":"https:\/\/new.totalextensions.ca\/en\/wp-json\/wp\/v2\/product_brand?post=2838"},{"taxonomy":"product_cat","embeddable":true,"href":"https:\/\/new.totalextensions.ca\/en\/wp-json\/wp\/v2\/product_cat?post=2838"},{"taxonomy":"product_tag","embeddable":true,"href":"https:\/\/new.totalextensions.ca\/en\/wp-json\/wp\/v2\/product_tag?post=2838"}],"curies":[{"name":"wp","href":"https:\/\/api.w.org\/{rel}","templated":true}]}}