{"id":2862,"date":"2025-05-27T05:05:57","date_gmt":"2025-05-27T05:05:57","guid":{"rendered":"https:\/\/new.totalextensions.ca\/produit\/total-wands-silicone-brosses-a-mascara-jetables-en-silicone\/"},"modified":"2025-05-27T05:05:57","modified_gmt":"2025-05-27T05:05:57","slug":"total-wands-silicone-brosses-a-mascara-jetables-en-silicone","status":"publish","type":"product","link":"https:\/\/new.totalextensions.ca\/en\/produit\/total-wands-silicone-brosses-a-mascara-jetables-en-silicone\/","title":{"rendered":"Total Wands Silicone &#8211; Brosses \u00e0 mascara jetables en silicone"},"content":{"rendered":"","protected":false},"excerpt":{"rendered":"<p>Brossettes de mascara jetables en silicone pour extensions de cils<\/p>\n<p>Brossez et stylisez les cils avec nos goupillons \u00e0 mascara jetables en silicone. La brosse en silicone souple aggripe les cils et les s\u00e9pare comme aucune brosse r\u00e9guli\u00e8re ne peut le faire! Imbattable pour mettre les cils en place et leur donner la forme d\u00e9sir\u00e9e. R\u00e9sultat, des cils et extensions de cils impeccables, parfaitement peign\u00e9s et s\u00e9par\u00e9s, pour des poses pr\u00e9cises, faciles et rapides. Destin\u00e9 \u00e0 un usage unique seulement.<\/p>\n<ul>\n<li>Paquets de 50 ou 100 unit\u00e9s<\/li>\n<li>Manche en plastique solide avec embout brosse e en silicone souple.<\/li>\n<li>D\u00e9m\u00eale et s\u00e9pare parfaitement tous les cils.<\/li>\n<li>Tr\u00e8s appr\u00e9ci\u00e9s apr\u00e8s l&#8217;application du mascara: \u00e9limine les exc\u00e8s et les grumeaux.<\/li>\n<li>Id\u00e9al pour les professionnels en extensions des cils, les porteurs d&#8217;extensions de cils et les maquilleurs.<\/li>\n<li>Les applicateurs TOTAL WANDS par Total Extensions sont de la plus haute qualit\u00e9 sur le march\u00e9 et assurent un lien solide entre la brosse et le manche (ne brise pas).<\/li>\n<li>* S&#8217;il vous pla\u00eet vous r\u00e9f\u00e9rer \u00e0 l&#8217;image du produit pour voir nos options de couleur disponibles.<\/li>\n<\/ul>\n","protected":false},"featured_media":2003,"template":"","meta":[],"product_brand":[],"product_cat":[506,473,413],"product_tag":[570,571,589,572,559,590,573,591,560,574],"class_list":{"0":"post-2862","1":"product","2":"type-product","3":"status-publish","4":"has-post-thumbnail","6":"product_cat-outils-et-accessoires-jetables-professionnels-en","7":"product_cat-outils-pinces-et-accessoires-dextensions-de-cils-en","8":"product_cat-tous-les-produits-en","9":"product_tag-applicateurs-cils-en","10":"product_tag-brosse-a-mascara-jetable-en","11":"product_tag-brosse-en-silicone-en","12":"product_tag-brosses-a-mascara-jetables-en","13":"product_tag-brosses-extensions-de-cils-en","14":"product_tag-brossette-a-mascara-en-silicone-en","15":"product_tag-brossettes-extensions-de-cils-en","16":"product_tag-goupillon-a-mascara-en-silicone-en","17":"product_tag-goupillons-a-mascara-jetables-en","18":"product_tag-goupillons-jetables-en","19":"pa_brush-color-brosse-fuchsia-en","20":"pa_brush-color-brosse-mauve-en","21":"pa_brush-color-brosse-rouge-en","22":"pa_brush-color-brosse-turquoise-en","23":"pa_handle-color-manche-noir-en","24":"pa_handle-color-manche-rose-en","25":"pa_handle-color-manche-transparent-en","27":"first","28":"instock","29":"taxable","30":"shipping-taxable","31":"purchasable","32":"product-type-variable","33":"rtwpvs-product"},"_links":{"self":[{"href":"https:\/\/new.totalextensions.ca\/en\/wp-json\/wp\/v2\/product\/2862","targetHints":{"allow":["GET"]}}],"collection":[{"href":"https:\/\/new.totalextensions.ca\/en\/wp-json\/wp\/v2\/product"}],"about":[{"href":"https:\/\/new.totalextensions.ca\/en\/wp-json\/wp\/v2\/types\/product"}],"wp:featuredmedia":[{"embeddable":true,"href":"https:\/\/new.totalextensions.ca\/en\/wp-json\/wp\/v2\/media\/2003"}],"wp:attachment":[{"href":"https:\/\/new.totalextensions.ca\/en\/wp-json\/wp\/v2\/media?parent=2862"}],"wp:term":[{"taxonomy":"product_brand","embeddable":true,"href":"https:\/\/new.totalextensions.ca\/en\/wp-json\/wp\/v2\/product_brand?post=2862"},{"taxonomy":"product_cat","embeddable":true,"href":"https:\/\/new.totalextensions.ca\/en\/wp-json\/wp\/v2\/product_cat?post=2862"},{"taxonomy":"product_tag","embeddable":true,"href":"https:\/\/new.totalextensions.ca\/en\/wp-json\/wp\/v2\/product_tag?post=2862"}],"curies":[{"name":"wp","href":"https:\/\/api.w.org\/{rel}","templated":true}]}}