{"id":2875,"date":"2025-05-27T05:05:35","date_gmt":"2025-05-27T05:05:35","guid":{"rendered":"https:\/\/new.totalextensions.ca\/produit\/total-wands-poire-brossettes-a-mascara-jetables-en-nylon-doux-de-forme-poire\/"},"modified":"2025-05-27T05:05:35","modified_gmt":"2025-05-27T05:05:35","slug":"total-wands-poire-brossettes-a-mascara-jetables-en-nylon-doux-de-forme-poire","status":"publish","type":"product","link":"https:\/\/new.totalextensions.ca\/en\/produit\/total-wands-poire-brossettes-a-mascara-jetables-en-nylon-doux-de-forme-poire\/","title":{"rendered":"Total Wands Poire &#8211; Brossettes \u00e0 mascara jetables en nylon doux de forme poire"},"content":{"rendered":"","protected":false},"excerpt":{"rendered":"<p>Brosses \u00e0 mascara jetables en nylon souple et ultra-doux en forme de poire pour extensions de cils.<\/p>\n<p>Brossez et stylisez les cils facilement gr\u00e2ce \u00e0 nos goupillons sp\u00e9ciaux en forme de goutte d&#8217;eau. L&#8217;embout brossette douce et effil\u00e9e agrippe d\u00e9licatement les cils afin de bien les peigner dans la direction souhait\u00e9e, histoire de vous faciliter la vie autant avant, pendant qu&#8217;apr\u00e8s la pose, et ainsi vous permettre de cr\u00e9er les poses les plus d\u00e9finies, pr\u00e9cises et soign\u00e9es. La forme poire, de plus en plus populaire, permet d&#8217;ajouter ais\u00e9ment n&#8217;importe quel produit sur les cils comme le mascara par exemple. La partie la plus fine et pointue est parfaite pour s&#8217;ins\u00e9rer entre les cils et rejoindre facilement la base des cils (et \u00e9galement pour atteindre les cils les plus fins, courts ou difficiles d&#8217;acc\u00e8s comme les cils internes ou inf\u00e9rieurs).\u00a0 Quant \u00e0 la partie la plus large et arrondie de la brosse, elle permet de brosser doucement et d\u00e9licatement les cils les plus longs ou pour ajouter une touche de glamour exactement o\u00f9 vous le souhaitez. Pour usage unique seulement.<\/p>\n<ul>\n<li>Plusieurs options de couleurs de manche et de brosse : choisissez votre combinaison de couleur pr\u00e9f\u00e9r\u00e9e!<\/li>\n<li>Paquet de 25 unit\u00e9s<\/li>\n<li>Manche en plastique r\u00e9sistant avec brossette tr\u00e8s douce, pouvant \u00eatre l\u00e9g\u00e8rement pli\u00e9e au besoin.<\/li>\n<li>Assez doux pour les extensions de cils.<\/li>\n<li>Brosse en forme de poire \/ goutte d&#8217;eau, pour une combinaison parfaite de pr\u00e9cision et de volume.<\/li>\n<li>Id\u00e9al pour les professionnels en extensions des cils, les porteurs d&#8217;extensions de cils et les maquilleurs.<\/li>\n<li>Les applicateurs TOTAL WANDS par Total Extensions offrent la meilleure qualit\u00e9 et ont une excellente solidit\u00e9 entre la brosse et le manche.<\/li>\n<\/ul>\n","protected":false},"featured_media":1971,"template":"","meta":[],"product_brand":[],"product_cat":[506,473,413],"product_tag":[603,570,604,571,605,606,572,559,573,560,574],"class_list":{"0":"post-2875","1":"product","2":"type-product","3":"status-publish","4":"has-post-thumbnail","6":"product_cat-outils-et-accessoires-jetables-professionnels-en","7":"product_cat-outils-pinces-et-accessoires-dextensions-de-cils-en","8":"product_cat-tous-les-produits-en","9":"product_tag-applicateur-a-mascara-en","10":"product_tag-applicateurs-cils-en","11":"product_tag-brosse-a-mascara-en-forme-de-poire-en","12":"product_tag-brosse-a-mascara-jetable-en","13":"product_tag-brosse-forme-poire-en","14":"product_tag-brosse-goutte-deau-en","15":"product_tag-brosses-a-mascara-jetables-en","16":"product_tag-brosses-extensions-de-cils-en","17":"product_tag-brossettes-extensions-de-cils-en","18":"product_tag-goupillons-a-mascara-jetables-en","19":"product_tag-goupillons-jetables-en","20":"pa_brush-color-brosse-bleue-en","21":"pa_brush-color-brosse-framboise-en","22":"pa_brush-color-brosse-fuchsia-en","23":"pa_brush-color-brosse-jaune-en","24":"pa_brush-color-brosse-lavande-en","25":"pa_brush-color-brosse-mauve-en","26":"pa_brush-color-brosse-noire-en","27":"pa_brush-color-brosse-rose-pale-en","28":"pa_brush-color-brosse-vert-pale-en","29":"pa_handle-color-manche-blanc-en","30":"pa_handle-color-manche-noir-en","32":"first","33":"instock","34":"taxable","35":"shipping-taxable","36":"purchasable","37":"product-type-variable","38":"rtwpvs-product"},"_links":{"self":[{"href":"https:\/\/new.totalextensions.ca\/en\/wp-json\/wp\/v2\/product\/2875","targetHints":{"allow":["GET"]}}],"collection":[{"href":"https:\/\/new.totalextensions.ca\/en\/wp-json\/wp\/v2\/product"}],"about":[{"href":"https:\/\/new.totalextensions.ca\/en\/wp-json\/wp\/v2\/types\/product"}],"wp:featuredmedia":[{"embeddable":true,"href":"https:\/\/new.totalextensions.ca\/en\/wp-json\/wp\/v2\/media\/1971"}],"wp:attachment":[{"href":"https:\/\/new.totalextensions.ca\/en\/wp-json\/wp\/v2\/media?parent=2875"}],"wp:term":[{"taxonomy":"product_brand","embeddable":true,"href":"https:\/\/new.totalextensions.ca\/en\/wp-json\/wp\/v2\/product_brand?post=2875"},{"taxonomy":"product_cat","embeddable":true,"href":"https:\/\/new.totalextensions.ca\/en\/wp-json\/wp\/v2\/product_cat?post=2875"},{"taxonomy":"product_tag","embeddable":true,"href":"https:\/\/new.totalextensions.ca\/en\/wp-json\/wp\/v2\/product_tag?post=2875"}],"curies":[{"name":"wp","href":"https:\/\/api.w.org\/{rel}","templated":true}]}}