{"id":2903,"date":"2025-05-27T05:04:40","date_gmt":"2025-05-27T05:04:40","guid":{"rendered":"https:\/\/new.totalextensions.ca\/produit\/total-precision-pinces-en-angle-ultra-fines-pour-extensions-de-cils\/"},"modified":"2025-05-27T05:04:40","modified_gmt":"2025-05-27T05:04:40","slug":"total-precision-pinces-en-angle-ultra-fines-pour-extensions-de-cils","status":"publish","type":"product","link":"https:\/\/new.totalextensions.ca\/en\/produit\/total-precision-pinces-en-angle-ultra-fines-pour-extensions-de-cils\/","title":{"rendered":"Total Pr\u00e9cision &#8211; Pinces en angle ultra-fines pour extensions de cils"},"content":{"rendered":"","protected":false},"excerpt":{"rendered":"<p>Pinces ultra-fines en angle pour extensions de cils.<\/p>\n<p>Ces pinces ultra-fines et pr\u00e9cises sont un essentiel pour toutes les techniques d&#8217;extensions de cils. Ces pinces professionnelles en acier inoxydable de haute qualit\u00e9 sont extraordinaires pour prendre ais\u00e9ment les extensions les plus difficiles \u00e0 ramasser, pour l&#8217;isolation des cils naturels et pour cr\u00e9er les plus magnifiques bouquets d&#8217;extensions volume pour les poses 3D \u00e0 6D.<\/p>\n<p>**Voir nos autre excellentes pinces ici :\u00a0<a href=\"https:\/\/www.totalextensionslash.com\/product\/pinces-professionnelles-pour-extensions-de-cils\/?lang=fr\">Pinces professionnelles pour extensions de cils<\/a><\/p>\n<ul>\n<li>Taille: 14 cm \/ 5,5 pouces<\/li>\n<li>Pour toutes les techniques d&#8217;extensions de cils. Un essentiel de base \u00e0 se procurer!<\/li>\n<li>Le motif en losange am\u00e9liore la prise pour une meilleure maniabilit\u00e9 et plus de stabilit\u00e9 (ne glisse pas des mains).<\/li>\n<li>L\u00e9ger pour un travail confortable.<\/li>\n<li>Emp\u00eache la fatigue des mains, poignets et bras.<\/li>\n<li>Acier inoxydable allemand chirurgical de haute qualit\u00e9 avec une finition brillante argent\u00e9e.<\/li>\n<li>Ultra pr\u00e9cise, pour une pose facile et rapide des extensions de cils.<\/li>\n<\/ul>\n<p>**Vous ne savez toujours pas quelle pince choisir? Consultez notre guide complet ici :\u00a0<a href=\"https:\/\/www.totalextensionslash.com\/2019\/01\/22\/les-meilleures-pinces-pour-extensions-de-cils\/?lang=fr\">Les meilleures pinces pour extensions de cils<\/a><\/p>\n","protected":false},"featured_media":1839,"template":"","meta":[],"product_brand":[],"product_cat":[472,473],"product_tag":[636,637,638,639],"class_list":{"0":"post-2903","1":"product","2":"type-product","3":"status-publish","4":"has-post-thumbnail","6":"product_cat-outils-professionnels-pinces-et-accessoires-reutilisables-en","7":"product_cat-outils-pinces-et-accessoires-dextensions-de-cils-en","8":"product_tag-pinces-courbees-en","9":"product_tag-pinces-en-acier-inoxydable-en","10":"product_tag-pinces-extensions-de-cils-en","11":"product_tag-pinces-professionnelles-en","13":"first","14":"instock","15":"featured","16":"taxable","17":"shipping-taxable","18":"purchasable","19":"product-type-simple"},"_links":{"self":[{"href":"https:\/\/new.totalextensions.ca\/en\/wp-json\/wp\/v2\/product\/2903","targetHints":{"allow":["GET"]}}],"collection":[{"href":"https:\/\/new.totalextensions.ca\/en\/wp-json\/wp\/v2\/product"}],"about":[{"href":"https:\/\/new.totalextensions.ca\/en\/wp-json\/wp\/v2\/types\/product"}],"wp:featuredmedia":[{"embeddable":true,"href":"https:\/\/new.totalextensions.ca\/en\/wp-json\/wp\/v2\/media\/1839"}],"wp:attachment":[{"href":"https:\/\/new.totalextensions.ca\/en\/wp-json\/wp\/v2\/media?parent=2903"}],"wp:term":[{"taxonomy":"product_brand","embeddable":true,"href":"https:\/\/new.totalextensions.ca\/en\/wp-json\/wp\/v2\/product_brand?post=2903"},{"taxonomy":"product_cat","embeddable":true,"href":"https:\/\/new.totalextensions.ca\/en\/wp-json\/wp\/v2\/product_cat?post=2903"},{"taxonomy":"product_tag","embeddable":true,"href":"https:\/\/new.totalextensions.ca\/en\/wp-json\/wp\/v2\/product_tag?post=2903"}],"curies":[{"name":"wp","href":"https:\/\/api.w.org\/{rel}","templated":true}]}}