{"id":2904,"date":"2025-05-27T05:04:40","date_gmt":"2025-05-27T05:04:40","guid":{"rendered":"https:\/\/new.totalextensions.ca\/produit\/total-hd-pinces-45-degres-pour-extensions-de-cils\/"},"modified":"2025-05-27T05:04:40","modified_gmt":"2025-05-27T05:04:40","slug":"total-hd-pinces-45-degres-pour-extensions-de-cils","status":"publish","type":"product","link":"https:\/\/new.totalextensions.ca\/en\/produit\/total-hd-pinces-45-degres-pour-extensions-de-cils\/","title":{"rendered":"Total HD &#8211; Pinces 45 degr\u00e9s pour extensions de cils"},"content":{"rendered":"","protected":false},"excerpt":{"rendered":"<p>Pinces en angle 45 degr\u00e9s pour extensions de cils.<\/p>\n<p>Ces pinces l\u00e9g\u00e8rement en angle pour extensions de cils professionnelles en acier inoxydable de haute qualit\u00e9 sont con\u00e7ues pour pour une prise rapide des extensions lors des poses volume, pour cr\u00e9er les plus magnifiques bouquets et \u00e9ventails ainsi que pour isoler facilement les cils naturels.<\/p>\n<p>**Voir nos autre excellentes pinces ici :\u00a0<a href=\"https:\/\/www.totalextensionslash.com\/product\/pinces-professionnelles-pour-extensions-de-cils\/?lang=fr\">Pinces professionnelles pour extensions de cils<\/a><\/p>\n<ul>\n<li>Taille: 14 cm \/ 5,5 pouces<\/li>\n<li>Pour les techniques d&#8217;extension de cils volume ainsi que pour l&#8217;isolation des cils<\/li>\n<li>Le motif en losange am\u00e9liore la prise pour une meilleure maniabilit\u00e9 et plus de stabilit\u00e9 (ne glisse pas des mains).<\/li>\n<li>L\u00e9ger pour un travail confortable.<\/li>\n<li>Emp\u00eache la fatigue des mains, poignets et bras.<\/li>\n<li>Acier inoxydable allemand chirurgical de haute qualit\u00e9 avec une finition brillante argent\u00e9e.<\/li>\n<li>Ultra pr\u00e9cise, pour une pose facile et rapide des bouquets d&#8217;extensions.<\/li>\n<\/ul>\n<p>**Vous ne savez toujours pas quelle pince choisir? Consultez notre guide complet ici :\u00a0<a href=\"https:\/\/www.totalextensionslash.com\/2019\/01\/22\/les-meilleures-pinces-pour-extensions-de-cils\/?lang=fr\">Les meilleures pinces pour extensions de cils<\/a><\/p>\n","protected":false},"featured_media":1841,"template":"","meta":[],"product_brand":[],"product_cat":[472,473],"product_tag":[640,641,638,639],"class_list":{"0":"post-2904","1":"product","2":"type-product","3":"status-publish","4":"has-post-thumbnail","6":"product_cat-outils-professionnels-pinces-et-accessoires-reutilisables-en","7":"product_cat-outils-pinces-et-accessoires-dextensions-de-cils-en","8":"product_tag-pince-pour-extensions-de-cils-45-degres-en","9":"product_tag-pinces-en-angle-en","10":"product_tag-pinces-extensions-de-cils-en","11":"product_tag-pinces-professionnelles-en","13":"first","14":"instock","15":"taxable","16":"shipping-taxable","17":"purchasable","18":"product-type-simple"},"_links":{"self":[{"href":"https:\/\/new.totalextensions.ca\/en\/wp-json\/wp\/v2\/product\/2904","targetHints":{"allow":["GET"]}}],"collection":[{"href":"https:\/\/new.totalextensions.ca\/en\/wp-json\/wp\/v2\/product"}],"about":[{"href":"https:\/\/new.totalextensions.ca\/en\/wp-json\/wp\/v2\/types\/product"}],"wp:featuredmedia":[{"embeddable":true,"href":"https:\/\/new.totalextensions.ca\/en\/wp-json\/wp\/v2\/media\/1841"}],"wp:attachment":[{"href":"https:\/\/new.totalextensions.ca\/en\/wp-json\/wp\/v2\/media?parent=2904"}],"wp:term":[{"taxonomy":"product_brand","embeddable":true,"href":"https:\/\/new.totalextensions.ca\/en\/wp-json\/wp\/v2\/product_brand?post=2904"},{"taxonomy":"product_cat","embeddable":true,"href":"https:\/\/new.totalextensions.ca\/en\/wp-json\/wp\/v2\/product_cat?post=2904"},{"taxonomy":"product_tag","embeddable":true,"href":"https:\/\/new.totalextensions.ca\/en\/wp-json\/wp\/v2\/product_tag?post=2904"}],"curies":[{"name":"wp","href":"https:\/\/api.w.org\/{rel}","templated":true}]}}