{"id":2954,"date":"2025-05-27T05:04:39","date_gmt":"2025-05-27T05:04:39","guid":{"rendered":"https:\/\/new.totalextensions.ca\/produit\/total-focus-pinces-courbees-classiques-pour-extensions-de-cils\/"},"modified":"2025-05-27T05:04:39","modified_gmt":"2025-05-27T05:04:39","slug":"total-focus-pinces-courbees-classiques-pour-extensions-de-cils","status":"publish","type":"product","link":"https:\/\/new.totalextensions.ca\/en\/produit\/total-focus-pinces-courbees-classiques-pour-extensions-de-cils\/","title":{"rendered":"Total Focus &#8211; Pinces courb\u00e9es classiques pour extensions de cils"},"content":{"rendered":"","protected":false},"excerpt":{"rendered":"<p>Pinces courb\u00e9es pour extensions de cils.<\/p>\n<p>Ces pinces l\u00e9g\u00e8rement courb\u00e9es pour extensions de cils professionnelles en acier inoxydable de haute qualit\u00e9 sont parfaites pour s\u00e9lectionner et prendre facilement les extensions de cis individuelles ou pour s\u00e9parer les cils naturels de vos clientes dans le but d&#8217;isoler un seul et unique cil naturel. Un essentiel de base pour toutes les techniques d&#8217;extensions de cils. G\u00e9nial pour les d\u00e9butantes!<\/p>\n<p>**Voir nos autre excellentes pinces ici :\u00a0<a href=\"https:\/\/www.totalextensionslash.com\/product\/pinces-professionnelles-pour-extensions-de-cils\/?lang=fr\">Pinces professionnelles pour extensions de cils<\/a><\/p>\n<ul>\n<li>Taille: 14 cm \/ 5,5 pouces<\/li>\n<li>Fonctionne \u00e0 merveille pour les poses d&#8217;extensions de cils classiques ou pour l&#8217;isolation des cils naturels.<\/li>\n<li>Le motif en losange am\u00e9liore la prise pour une meilleure maniabilit\u00e9 et plus de stabilit\u00e9 (ne glisse pas des mains).<\/li>\n<li>L\u00e9ger pour un travail confortable.<\/li>\n<li>Emp\u00eache la fatigue des mains, poignets et bras.<\/li>\n<li>Acier inoxydable allemand chirurgical de haute qualit\u00e9 avec une finition brillante argent\u00e9e.<\/li>\n<li>Ultra pr\u00e9cise, pour une pose facile et rapide des extensions de cils.<\/li>\n<\/ul>\n<p>**Vous ne savez toujours pas quelle pince choisir? Consultez notre guide complet ici :\u00a0<a href=\"https:\/\/www.totalextensionslash.com\/2019\/01\/22\/les-meilleures-pinces-pour-extensions-de-cils\/?lang=fr\">Les meilleures pinces pour extensions de cils<\/a><\/p>\n","protected":false},"featured_media":1837,"template":"","meta":[],"product_brand":[],"product_cat":[472,473],"product_tag":[637,641,638,639],"class_list":{"0":"post-2954","1":"product","2":"type-product","3":"status-publish","4":"has-post-thumbnail","6":"product_cat-outils-professionnels-pinces-et-accessoires-reutilisables-en","7":"product_cat-outils-pinces-et-accessoires-dextensions-de-cils-en","8":"product_tag-pinces-en-acier-inoxydable-en","9":"product_tag-pinces-en-angle-en","10":"product_tag-pinces-extensions-de-cils-en","11":"product_tag-pinces-professionnelles-en","13":"first","14":"outofstock","15":"featured","16":"taxable","17":"shipping-taxable","18":"purchasable","19":"product-type-simple"},"_links":{"self":[{"href":"https:\/\/new.totalextensions.ca\/en\/wp-json\/wp\/v2\/product\/2954","targetHints":{"allow":["GET"]}}],"collection":[{"href":"https:\/\/new.totalextensions.ca\/en\/wp-json\/wp\/v2\/product"}],"about":[{"href":"https:\/\/new.totalextensions.ca\/en\/wp-json\/wp\/v2\/types\/product"}],"wp:featuredmedia":[{"embeddable":true,"href":"https:\/\/new.totalextensions.ca\/en\/wp-json\/wp\/v2\/media\/1837"}],"wp:attachment":[{"href":"https:\/\/new.totalextensions.ca\/en\/wp-json\/wp\/v2\/media?parent=2954"}],"wp:term":[{"taxonomy":"product_brand","embeddable":true,"href":"https:\/\/new.totalextensions.ca\/en\/wp-json\/wp\/v2\/product_brand?post=2954"},{"taxonomy":"product_cat","embeddable":true,"href":"https:\/\/new.totalextensions.ca\/en\/wp-json\/wp\/v2\/product_cat?post=2954"},{"taxonomy":"product_tag","embeddable":true,"href":"https:\/\/new.totalextensions.ca\/en\/wp-json\/wp\/v2\/product_tag?post=2954"}],"curies":[{"name":"wp","href":"https:\/\/api.w.org\/{rel}","templated":true}]}}